{"id":3908,"date":"2021-04-11T16:44:15","date_gmt":"2021-04-11T16:44:15","guid":{"rendered":"https:\/\/www.contem.es\/?page_id=3908"},"modified":"2024-05-21T12:09:29","modified_gmt":"2024-05-21T12:09:29","slug":"renta-y-patrimonio","status":"publish","type":"page","link":"https:\/\/www.contem.es\/es\/campanas\/renta-y-patrimonio\/","title":{"rendered":"Renta y Patrimonio"},"content":{"rendered":"<section class=\"wpb-content-wrapper\"><p>[vc_row el_class=\u00bbpage-info\u00bb css=\u00bb.vc_custom_1618829038889{margin-bottom: 40px !important;}\u00bb][vc_column el_class=\u00bbinfo-content\u00bb][vc_column_text css=\u00bb.vc_custom_1715245321961{margin-bottom: 0px !important;padding-bottom: 0px !important;}\u00bb]<\/p>\n<h1>Renta y Patrimonio<\/h1>\n<h2>Su declaraci\u00f3n correcta, con seguridad y con el m\u00e1ximo ahorro fiscal<\/h2>\n<p>[\/vc_column_text][\/vc_column][\/vc_row][vc_row el_class=\u00bbpage-info\u00bb][vc_column el_class=\u00bbinfo-content\u00bb][vc_column_text]<strong>1. Obtenemos los datos<\/strong><br \/>\nLe enviamos una relaci\u00f3n de la documentaci\u00f3n que necesitamos para preparar la declaraci\u00f3n. Una vez recibida la contrastamos con los datos de que dispone la AEAT.<br \/>\nLe ofrecemos varios medios para facilitarnos la documentaci\u00f3n para que usted elija el que le sea m\u00e1s c\u00f3modo:<\/p>\n<ul>\n<li>En papel en nuestras oficinas,<\/li>\n<li>Por correo electr\u00f3nico a renda@contem.es indicando en el asunto su nombre y NIF<\/li>\n<li>Subi\u00e9ndola a nuestra nube (recibir\u00e1 un correo con las instrucciones para el alta en el mismo)<\/li>\n<\/ul>\n<p>[\/vc_column_text][vc_column_text]<strong>2. Elaboramos la declaraci\u00f3n<\/strong><br \/>\nHacemos las simulaciones ante distintos escenarios. En caso de dudas durante la preparaci\u00f3n, contactamos con usted para aclararlos. Ya sea telef\u00f3nicamente, por videoconferencia, correo electr\u00f3nico. Si lo desea podemos hacer su declaraci\u00f3n de forma presencial o por videoconferencia, en cuyo caso puede pedirnos <strong>cita previa<\/strong>.[\/vc_column_text][vc_column_text]<strong>3. Le informamos del resultado y presentamos la declaraci\u00f3n<\/strong><br \/>\nRevisamos qu\u00e9 opci\u00f3n es la mejor, si la individual o conjunta, aplicando todos los beneficios fiscales posibles para conseguir el m\u00e1ximo ahorro. Presentamos la declaraci\u00f3n cuando tengamos su conformidad.[\/vc_column_text][vc_column_text]<strong>4. Representamos ante revisiones de la AEAT<\/strong><br \/>\nCada vez la AEAT realiza m\u00e1s comprobaciones. \u00c9stas se pueden realizar durante los 4 a\u00f1os siguientes a la presentaci\u00f3n de la declaraci\u00f3n. Si es su caso le podemos acompa\u00f1ar, representar y defender frente a las inspecciones y comprobaciones que pueda sufrir.[\/vc_column_text][\/vc_column][\/vc_row][vc_row css=\u00bb.vc_custom_1466450345317{padding-right: 8px !important;padding-left: 8px !important;}\u00bb][vc_column width=\u00bb1\/3&#8243; el_class=\u00bblight-block\u00bb][vc_column_text css=\u00bb.vc_custom_1651486863693{background-color: #dfded9 !important;}\u00bb]<\/p>\n<h3><a href=\"https:\/\/www.contem.es\/es\/contacto\/\">Cita previa<\/a><\/h3>\n<div class=\"ellipsis\">\n<p>Presencial o videoconfer\u00e8ncia<\/p>\n<\/div>\n<div class=\"more-link\"><a href=\"https:\/\/www.contem.es\/es\/contacto\/\">+ info<\/a><\/div>\n<p>[\/vc_column_text]<div class=\"ult-just-icon-wrapper  \"><div class=\"align-icon\" style=\"text-align:center;\">\n<div class=\"aio-icon none \"  style=\"color:#432d2f;font-size:40px;display:inline-block;\">\n\t<i class=\"Defaults-calendar\"><\/i>\n<\/div><\/div><\/div>[\/vc_column][vc_column width=\u00bb1\/3&#8243; el_class=\u00bblight-block\u00bb][vc_column_text css=\u00bb.vc_custom_1651487003448{background-color: #dfded9 !important;}\u00bb]<\/p>\n<h3><a href=\"\/es\/tag\/impuesto-sobre-la-renta\/\">FAQs<\/a><\/h3>\n<div class=\"ellipsis\">\n<p>L\u00edmite presentaci\u00f3n, calendario AEAT, etc.<\/p>\n<\/div>\n<div class=\"more-link\"><a href=\"\/es\/tag\/impuesto-sobre-la-renta\/\">+ info<\/a><\/div>\n<p>[\/vc_column_text]<div class=\"ult-just-icon-wrapper  \"><div class=\"align-icon\" style=\"text-align:center;\">\n<div class=\"aio-icon none \"  style=\"color:#432d2f;font-size:40px;display:inline-block;\">\n\t<i class=\"Defaults-question\"><\/i>\n<\/div><\/div><\/div>[\/vc_column][vc_column width=\u00bb1\/3&#8243; el_class=\u00bblight-block\u00bb][vc_column_text css=\u00bb.vc_custom_1715262063063{background-color: #dfded9 !important;}\u00bb]<\/p>\n<h3><a href=\"https:\/\/www.contem.es\/es\/declaracion-de-renta-y-patrimonio\/\">Personas obligadas a presentar la declaraci\u00f3n<\/a><\/h3>\n<div class=\"ellipsis\">\n<p>Quienes son los obligados\/as a presentar la declaraci\u00f3n de renta y\/o de patrimonio<\/p>\n<\/div>\n<div class=\"more-link\"><a href=\"https:\/\/www.contem.es\/es\/declaracion-de-renta-y-patrimonio\/\">+ info<\/a><\/div>\n<p>[\/vc_column_text]<div class=\"ult-just-icon-wrapper  \"><div class=\"align-icon\" style=\"text-align:center;\">\n<div class=\"aio-icon none \"  style=\"color:#432d2f;font-size:40px;display:inline-block;\">\n\t<i class=\"Defaults-user\"><\/i>\n<\/div><\/div><\/div>[\/vc_column][\/vc_row][vc_row css=\u00bb.vc_custom_1466450345317{padding-right: 8px !important;padding-left: 8px !important;}\u00bb][vc_column width=\u00bb1\/3&#8243; el_class=\u00bblight-block\u00bb][vc_column_text css=\u00bb.vc_custom_1716293365418{background-color: #dfded9 !important;}\u00bb]<\/p>\n<h3><a href=\"mailto:renda@contem.es\">Env\u00edanos tu documentaci\u00f3n<\/a><\/h3>\n<div class=\"ellipsis\">\n<p>&nbsp;<\/p>\n<\/div>\n<div class=\"more-link\"><a href=\"mailto:renda@contem.es\">+ env\u00eda<\/a><\/div>\n<p>[\/vc_column_text]<div class=\"ult-just-icon-wrapper  \"><div class=\"align-icon\" style=\"text-align:center;\">\n<div class=\"aio-icon none \"  style=\"color:#432d2f;font-size:40px;display:inline-block;\">\n\t<i class=\"Defaults-calendar\"><\/i>\n<\/div><\/div><\/div>[\/vc_column][\/vc_row]<\/p>\n<\/section>","protected":false},"excerpt":{"rendered":"<p>[vc_row el_class=&raquo;page-info&raquo; css=&raquo;.vc_custom_1618829038889{margin-bottom: 40px !important;}&raquo;][vc_column el_class=&raquo;info-content&raquo;][vc_column_text css=&raquo;.vc_custom_1715245321961{margin-bottom: 0px !important;padding-bottom: 0px !important;}&raquo;] Renta y Patrimonio Su declaraci&oacute;n correcta, con seguridad y con el m&aacute;ximo ahorro fiscal [\/vc_column_text][\/vc_column][\/vc_row][vc_row el_class=&raquo;page-info&raquo;][vc_column el_class=&raquo;info-content&raquo;][vc_column_text]1. Obtenemos los datos Le enviamos una relaci&oacute;n de la documentaci&oacute;n que necesitamos para preparar la declaraci&oacute;n. Una vez recibida la contrastamos con los datos de que dispone [&hellip;]<\/p>\n","protected":false},"author":1,"featured_media":0,"parent":3220,"menu_order":0,"comment_status":"closed","ping_status":"closed","template":"","meta":{"footnotes":""},"class_list":["post-3908","page","type-page","status-publish","hentry"],"yoast_head":"<!-- This site is optimized with the Yoast SEO plugin v27.3 - https:\/\/yoast.com\/product\/yoast-seo-wordpress\/ -->\n<title>Renta y Patrimonio | Contem Assessors<\/title>\n<meta name=\"robots\" content=\"index, follow, max-snippet:-1, max-image-preview:large, max-video-preview:-1\" \/>\n<link rel=\"canonical\" href=\"https:\/\/www.contem.es\/es\/campanas\/renta-y-patrimonio\/\" \/>\n<meta property=\"og:locale\" content=\"es_ES\" \/>\n<meta property=\"og:type\" content=\"article\" \/>\n<meta property=\"og:title\" content=\"Renta y Patrimonio | Contem Assessors\" \/>\n<meta property=\"og:description\" content=\"[vc_row el_class=&raquo;page-info&raquo; css=&raquo;.vc_custom_1618829038889{margin-bottom: 40px !important;}&raquo;][vc_column el_class=&raquo;info-content&raquo;][vc_column_text css=&raquo;.vc_custom_1715245321961{margin-bottom: 0px !important;padding-bottom: 0px !important;}&raquo;] Renta y Patrimonio Su declaraci&oacute;n correcta, con seguridad y con el m&aacute;ximo ahorro fiscal [\/vc_column_text][\/vc_column][\/vc_row][vc_row el_class=&raquo;page-info&raquo;][vc_column el_class=&raquo;info-content&raquo;][vc_column_text]1. Obtenemos los datos Le enviamos una relaci&oacute;n de la documentaci&oacute;n que necesitamos para preparar la declaraci&oacute;n. Una vez recibida la contrastamos con los datos de que dispone [&hellip;]\" \/>\n<meta property=\"og:url\" content=\"https:\/\/www.contem.es\/es\/campanas\/renta-y-patrimonio\/\" \/>\n<meta property=\"og:site_name\" content=\"Contem Assessors\" \/>\n<meta property=\"article:modified_time\" content=\"2024-05-21T12:09:29+00:00\" \/>\n<meta property=\"og:image\" content=\"https:\/\/www.contem.es\/wp-content\/uploads\/2016\/06\/touch-icon-contem.png\" \/>\n<meta name=\"twitter:card\" content=\"summary_large_image\" \/>\n<meta name=\"twitter:site\" content=\"@contemassessors\" \/>\n<meta name=\"twitter:label1\" content=\"Tiempo de lectura\" \/>\n\t<meta name=\"twitter:data1\" content=\"2 minutos\" \/>\n<script type=\"application\/ld+json\" class=\"yoast-schema-graph\">{\"@context\":\"https:\\\/\\\/schema.org\",\"@graph\":[{\"@type\":\"WebPage\",\"@id\":\"https:\\\/\\\/www.contem.es\\\/es\\\/campanas\\\/renta-y-patrimonio\\\/\",\"url\":\"https:\\\/\\\/www.contem.es\\\/es\\\/campanas\\\/renta-y-patrimonio\\\/\",\"name\":\"Renta y Patrimonio | Contem Assessors\",\"isPartOf\":{\"@id\":\"https:\\\/\\\/www.contem.es\\\/es\\\/#website\"},\"datePublished\":\"2021-04-11T16:44:15+00:00\",\"dateModified\":\"2024-05-21T12:09:29+00:00\",\"breadcrumb\":{\"@id\":\"https:\\\/\\\/www.contem.es\\\/es\\\/campanas\\\/renta-y-patrimonio\\\/#breadcrumb\"},\"inLanguage\":\"es\",\"potentialAction\":[{\"@type\":\"ReadAction\",\"target\":[\"https:\\\/\\\/www.contem.es\\\/es\\\/campanas\\\/renta-y-patrimonio\\\/\"]}]},{\"@type\":\"BreadcrumbList\",\"@id\":\"https:\\\/\\\/www.contem.es\\\/es\\\/campanas\\\/renta-y-patrimonio\\\/#breadcrumb\",\"itemListElement\":[{\"@type\":\"ListItem\",\"position\":1,\"name\":\"Inici\",\"item\":\"https:\\\/\\\/www.contem.es\\\/es\\\/\"},{\"@type\":\"ListItem\",\"position\":2,\"name\":\"Campa\u00f1as\",\"item\":\"https:\\\/\\\/www.contem.es\\\/es\\\/campanas\\\/\"},{\"@type\":\"ListItem\",\"position\":3,\"name\":\"Renta y Patrimonio\"}]},{\"@type\":\"WebSite\",\"@id\":\"https:\\\/\\\/www.contem.es\\\/es\\\/#website\",\"url\":\"https:\\\/\\\/www.contem.es\\\/es\\\/\",\"name\":\"Contem Assessors\",\"description\":\"Fiscal, comptable , laboral , jur\u00eddic , econ\u00f2mic i assegurances\",\"publisher\":{\"@id\":\"https:\\\/\\\/www.contem.es\\\/es\\\/#organization\"},\"potentialAction\":[{\"@type\":\"SearchAction\",\"target\":{\"@type\":\"EntryPoint\",\"urlTemplate\":\"https:\\\/\\\/www.contem.es\\\/es\\\/?s={search_term_string}\"},\"query-input\":{\"@type\":\"PropertyValueSpecification\",\"valueRequired\":true,\"valueName\":\"search_term_string\"}}],\"inLanguage\":\"es\"},{\"@type\":\"Organization\",\"@id\":\"https:\\\/\\\/www.contem.es\\\/es\\\/#organization\",\"name\":\"Contem Assessors\",\"url\":\"https:\\\/\\\/www.contem.es\\\/es\\\/\",\"logo\":{\"@type\":\"ImageObject\",\"inLanguage\":\"es\",\"@id\":\"https:\\\/\\\/www.contem.es\\\/es\\\/#\\\/schema\\\/logo\\\/image\\\/\",\"url\":\"https:\\\/\\\/www.contem.es\\\/wp-content\\\/uploads\\\/2016\\\/06\\\/touch-icon-contem.png\",\"contentUrl\":\"https:\\\/\\\/www.contem.es\\\/wp-content\\\/uploads\\\/2016\\\/06\\\/touch-icon-contem.png\",\"width\":120,\"height\":120,\"caption\":\"Contem Assessors\"},\"image\":{\"@id\":\"https:\\\/\\\/www.contem.es\\\/es\\\/#\\\/schema\\\/logo\\\/image\\\/\"},\"sameAs\":[\"https:\\\/\\\/x.com\\\/contemassessors\",\"https:\\\/\\\/www.linkedin.com\\\/company\\\/contem-assessors\"]}]}<\/script>\n<!-- \/ Yoast SEO plugin. -->","yoast_head_json":{"title":"Renta y Patrimonio | Contem Assessors","robots":{"index":"index","follow":"follow","max-snippet":"max-snippet:-1","max-image-preview":"max-image-preview:large","max-video-preview":"max-video-preview:-1"},"canonical":"https:\/\/www.contem.es\/es\/campanas\/renta-y-patrimonio\/","og_locale":"es_ES","og_type":"article","og_title":"Renta y Patrimonio | Contem Assessors","og_description":"[vc_row el_class=&raquo;page-info&raquo; css=&raquo;.vc_custom_1618829038889{margin-bottom: 40px !important;}&raquo;][vc_column el_class=&raquo;info-content&raquo;][vc_column_text css=&raquo;.vc_custom_1715245321961{margin-bottom: 0px !important;padding-bottom: 0px !important;}&raquo;] Renta y Patrimonio Su declaraci&oacute;n correcta, con seguridad y con el m&aacute;ximo ahorro fiscal [\/vc_column_text][\/vc_column][\/vc_row][vc_row el_class=&raquo;page-info&raquo;][vc_column el_class=&raquo;info-content&raquo;][vc_column_text]1. Obtenemos los datos Le enviamos una relaci&oacute;n de la documentaci&oacute;n que necesitamos para preparar la declaraci&oacute;n. Una vez recibida la contrastamos con los datos de que dispone [&hellip;]","og_url":"https:\/\/www.contem.es\/es\/campanas\/renta-y-patrimonio\/","og_site_name":"Contem Assessors","article_modified_time":"2024-05-21T12:09:29+00:00","og_image":[{"url":"https:\/\/www.contem.es\/wp-content\/uploads\/2016\/06\/touch-icon-contem.png","type":"","width":"","height":""}],"twitter_card":"summary_large_image","twitter_site":"@contemassessors","twitter_misc":{"Tiempo de lectura":"2 minutos"},"schema":{"@context":"https:\/\/schema.org","@graph":[{"@type":"WebPage","@id":"https:\/\/www.contem.es\/es\/campanas\/renta-y-patrimonio\/","url":"https:\/\/www.contem.es\/es\/campanas\/renta-y-patrimonio\/","name":"Renta y Patrimonio | Contem Assessors","isPartOf":{"@id":"https:\/\/www.contem.es\/es\/#website"},"datePublished":"2021-04-11T16:44:15+00:00","dateModified":"2024-05-21T12:09:29+00:00","breadcrumb":{"@id":"https:\/\/www.contem.es\/es\/campanas\/renta-y-patrimonio\/#breadcrumb"},"inLanguage":"es","potentialAction":[{"@type":"ReadAction","target":["https:\/\/www.contem.es\/es\/campanas\/renta-y-patrimonio\/"]}]},{"@type":"BreadcrumbList","@id":"https:\/\/www.contem.es\/es\/campanas\/renta-y-patrimonio\/#breadcrumb","itemListElement":[{"@type":"ListItem","position":1,"name":"Inici","item":"https:\/\/www.contem.es\/es\/"},{"@type":"ListItem","position":2,"name":"Campa\u00f1as","item":"https:\/\/www.contem.es\/es\/campanas\/"},{"@type":"ListItem","position":3,"name":"Renta y Patrimonio"}]},{"@type":"WebSite","@id":"https:\/\/www.contem.es\/es\/#website","url":"https:\/\/www.contem.es\/es\/","name":"Contem Assessors","description":"Fiscal, comptable , laboral , jur\u00eddic , econ\u00f2mic i assegurances","publisher":{"@id":"https:\/\/www.contem.es\/es\/#organization"},"potentialAction":[{"@type":"SearchAction","target":{"@type":"EntryPoint","urlTemplate":"https:\/\/www.contem.es\/es\/?s={search_term_string}"},"query-input":{"@type":"PropertyValueSpecification","valueRequired":true,"valueName":"search_term_string"}}],"inLanguage":"es"},{"@type":"Organization","@id":"https:\/\/www.contem.es\/es\/#organization","name":"Contem Assessors","url":"https:\/\/www.contem.es\/es\/","logo":{"@type":"ImageObject","inLanguage":"es","@id":"https:\/\/www.contem.es\/es\/#\/schema\/logo\/image\/","url":"https:\/\/www.contem.es\/wp-content\/uploads\/2016\/06\/touch-icon-contem.png","contentUrl":"https:\/\/www.contem.es\/wp-content\/uploads\/2016\/06\/touch-icon-contem.png","width":120,"height":120,"caption":"Contem Assessors"},"image":{"@id":"https:\/\/www.contem.es\/es\/#\/schema\/logo\/image\/"},"sameAs":["https:\/\/x.com\/contemassessors","https:\/\/www.linkedin.com\/company\/contem-assessors"]}]}},"_links":{"self":[{"href":"https:\/\/www.contem.es\/es\/wp-json\/wp\/v2\/pages\/3908","targetHints":{"allow":["GET"]}}],"collection":[{"href":"https:\/\/www.contem.es\/es\/wp-json\/wp\/v2\/pages"}],"about":[{"href":"https:\/\/www.contem.es\/es\/wp-json\/wp\/v2\/types\/page"}],"author":[{"embeddable":true,"href":"https:\/\/www.contem.es\/es\/wp-json\/wp\/v2\/users\/1"}],"replies":[{"embeddable":true,"href":"https:\/\/www.contem.es\/es\/wp-json\/wp\/v2\/comments?post=3908"}],"version-history":[{"count":16,"href":"https:\/\/www.contem.es\/es\/wp-json\/wp\/v2\/pages\/3908\/revisions"}],"predecessor-version":[{"id":4625,"href":"https:\/\/www.contem.es\/es\/wp-json\/wp\/v2\/pages\/3908\/revisions\/4625"}],"up":[{"embeddable":true,"href":"https:\/\/www.contem.es\/es\/wp-json\/wp\/v2\/pages\/3220"}],"wp:attachment":[{"href":"https:\/\/www.contem.es\/es\/wp-json\/wp\/v2\/media?parent=3908"}],"curies":[{"name":"wp","href":"https:\/\/api.w.org\/{rel}","templated":true}]}}