{"id":3220,"date":"2020-11-02T17:26:12","date_gmt":"2020-11-02T17:26:12","guid":{"rendered":"https:\/\/www.contem.es\/?page_id=3220"},"modified":"2024-05-09T08:54:44","modified_gmt":"2024-05-09T08:54:44","slug":"campanas","status":"publish","type":"page","link":"https:\/\/www.contem.es\/es\/campanas\/","title":{"rendered":"Campa\u00f1as"},"content":{"rendered":"<section class=\"wpb-content-wrapper\"><p>[vc_row el_class=\u00bbpage-info\u00bb][vc_column][vc_column_text css=\u00bb.vc_custom_1591256941691{margin-bottom: 0px !important;padding-bottom: 0px !important;}\u00bb]<\/p>\n<h1>Campa\u00f1as<\/h1>\n<p>[\/vc_column_text][vc_column_text]En este apartado incluiremos servicios que ya sea por su car\u00e1cter c\u00edclico u ocasional ligado a su profundidad merecen un espacio diferente para poder explicarlo detalladamente o para facilitar la gesti\u00f3n y obtenci\u00f3n de informaci\u00f3n[\/vc_column_text][\/vc_column][\/vc_row][vc_row css=\u00bb.vc_custom_1466450345317{padding-right: 8px !important;padding-left: 8px !important;}\u00bb][vc_column width=\u00bb1\/3&#8243; el_class=\u00bblight-block\u00bb][vc_column_text css=\u00bb.vc_custom_1715244784391{background-color: #dfded9 !important;}\u00bb]<\/p>\n<h3><a href=\"\/es\/campanas\/renta-y-patrimonio\/\">Renta y Patrimonio<\/a><\/h3>\n<div class=\"ellipsis\">\n<p>Informaci\u00f3n y recursos<\/p>\n<\/div>\n<div class=\"more-link\"><a href=\"\/es\/campanas\/renta-y-patrimonio\/\">+ info<\/a><\/div>\n<p>[\/vc_column_text]<div class=\"ult-just-icon-wrapper  \"><div class=\"align-icon\" style=\"text-align:center;\">\n<div class=\"aio-icon none \"  style=\"color:#432d2f;font-size:40px;display:inline-block;\">\n\t<i class=\"Defaults-calculator\"><\/i>\n<\/div><\/div><\/div>[\/vc_column][vc_column width=\u00bb1\/3&#8243; el_class=\u00bblight-block\u00bb][vc_column_text css=\u00bb.vc_custom_1591257061809{background-color: #dfded9 !important;}\u00bb]<\/p>\n<h3><a href=\"\/es\/campanas\/covid-19\/\">Covid-19<\/a><\/h3>\n<div class=\"ellipsis\">\n<p>Informaci\u00f3n, aplicaciones y recursos<\/p>\n<\/div>\n<div class=\"more-link\"><a href=\"\/es\/campanas\/covid-19\/\">+ info<\/a><\/div>\n<p>[\/vc_column_text]<div class=\"ult-just-icon-wrapper  \"><div class=\"align-icon\" style=\"text-align:center;\">\n<div class=\"aio-icon none \"  style=\"color:#432d2f;font-size:40px;display:inline-block;\">\n\t<i class=\"Defaults-info\"><\/i>\n<\/div><\/div><\/div>[\/vc_column][vc_column width=\u00bb1\/3&#8243;][\/vc_column][\/vc_row][vc_row][vc_column][vc_empty_space height=\u00bb50px\u00bb][\/vc_column][\/vc_row]<\/p>\n<\/section>","protected":false},"excerpt":{"rendered":"<p>[vc_row el_class=&raquo;page-info&raquo;][vc_column][vc_column_text css=&raquo;.vc_custom_1591256941691{margin-bottom: 0px !important;padding-bottom: 0px !important;}&raquo;] Campa&ntilde;as [\/vc_column_text][vc_column_text]En este apartado incluiremos servicios que ya sea por su car&aacute;cter c&iacute;clico u ocasional ligado a su profundidad merecen un espacio diferente para poder explicarlo detalladamente o para facilitar la gesti&oacute;n y obtenci&oacute;n de informaci&oacute;n[\/vc_column_text][\/vc_column][\/vc_row][vc_row css=&raquo;.vc_custom_1466450345317{padding-right: 8px !important;padding-left: 8px !important;}&raquo;][vc_column width=&raquo;1\/3&Prime; el_class=&raquo;light-block&raquo;][vc_column_text css=&raquo;.vc_custom_1715244784391{background-color: #dfded9 !important;}&raquo;] Renta y [&hellip;]<\/p>\n","protected":false},"author":1,"featured_media":0,"parent":0,"menu_order":0,"comment_status":"closed","ping_status":"closed","template":"","meta":{"footnotes":""},"class_list":["post-3220","page","type-page","status-publish","hentry"],"yoast_head":"<!-- This site is optimized with the Yoast SEO plugin v27.3 - https:\/\/yoast.com\/product\/yoast-seo-wordpress\/ -->\n<title>Campa\u00f1as | Contem Assessors<\/title>\n<meta name=\"robots\" content=\"index, follow, max-snippet:-1, max-image-preview:large, max-video-preview:-1\" \/>\n<link rel=\"canonical\" href=\"https:\/\/www.contem.es\/es\/campanas\/\" \/>\n<meta property=\"og:locale\" content=\"es_ES\" \/>\n<meta property=\"og:type\" content=\"article\" \/>\n<meta property=\"og:title\" content=\"Campa\u00f1as | Contem Assessors\" \/>\n<meta property=\"og:description\" content=\"[vc_row el_class=&raquo;page-info&raquo;][vc_column][vc_column_text css=&raquo;.vc_custom_1591256941691{margin-bottom: 0px !important;padding-bottom: 0px !important;}&raquo;] Campa&ntilde;as [\/vc_column_text][vc_column_text]En este apartado incluiremos servicios que ya sea por su car&aacute;cter c&iacute;clico u ocasional ligado a su profundidad merecen un espacio diferente para poder explicarlo detalladamente o para facilitar la gesti&oacute;n y obtenci&oacute;n de informaci&oacute;n[\/vc_column_text][\/vc_column][\/vc_row][vc_row css=&raquo;.vc_custom_1466450345317{padding-right: 8px !important;padding-left: 8px !important;}&raquo;][vc_column width=&raquo;1\/3&Prime; el_class=&raquo;light-block&raquo;][vc_column_text css=&raquo;.vc_custom_1715244784391{background-color: #dfded9 !important;}&raquo;] Renta y [&hellip;]\" \/>\n<meta property=\"og:url\" content=\"https:\/\/www.contem.es\/es\/campanas\/\" \/>\n<meta property=\"og:site_name\" content=\"Contem Assessors\" \/>\n<meta property=\"article:modified_time\" content=\"2024-05-09T08:54:44+00:00\" \/>\n<meta property=\"og:image\" content=\"https:\/\/www.contem.es\/wp-content\/uploads\/2016\/06\/touch-icon-contem.png\" \/>\n<meta name=\"twitter:card\" content=\"summary_large_image\" \/>\n<meta name=\"twitter:site\" content=\"@contemassessors\" \/>\n<meta name=\"twitter:label1\" content=\"Tiempo de lectura\" \/>\n\t<meta name=\"twitter:data1\" content=\"1 minuto\" \/>\n<script type=\"application\/ld+json\" class=\"yoast-schema-graph\">{\"@context\":\"https:\\\/\\\/schema.org\",\"@graph\":[{\"@type\":\"WebPage\",\"@id\":\"https:\\\/\\\/www.contem.es\\\/es\\\/campanas\\\/\",\"url\":\"https:\\\/\\\/www.contem.es\\\/es\\\/campanas\\\/\",\"name\":\"Campa\u00f1as | Contem Assessors\",\"isPartOf\":{\"@id\":\"https:\\\/\\\/www.contem.es\\\/es\\\/#website\"},\"datePublished\":\"2020-11-02T17:26:12+00:00\",\"dateModified\":\"2024-05-09T08:54:44+00:00\",\"breadcrumb\":{\"@id\":\"https:\\\/\\\/www.contem.es\\\/es\\\/campanas\\\/#breadcrumb\"},\"inLanguage\":\"es\",\"potentialAction\":[{\"@type\":\"ReadAction\",\"target\":[\"https:\\\/\\\/www.contem.es\\\/es\\\/campanas\\\/\"]}]},{\"@type\":\"BreadcrumbList\",\"@id\":\"https:\\\/\\\/www.contem.es\\\/es\\\/campanas\\\/#breadcrumb\",\"itemListElement\":[{\"@type\":\"ListItem\",\"position\":1,\"name\":\"Inici\",\"item\":\"https:\\\/\\\/www.contem.es\\\/es\\\/\"},{\"@type\":\"ListItem\",\"position\":2,\"name\":\"Campa\u00f1as\"}]},{\"@type\":\"WebSite\",\"@id\":\"https:\\\/\\\/www.contem.es\\\/es\\\/#website\",\"url\":\"https:\\\/\\\/www.contem.es\\\/es\\\/\",\"name\":\"Contem Assessors\",\"description\":\"Fiscal, comptable , laboral , jur\u00eddic , econ\u00f2mic i assegurances\",\"publisher\":{\"@id\":\"https:\\\/\\\/www.contem.es\\\/es\\\/#organization\"},\"potentialAction\":[{\"@type\":\"SearchAction\",\"target\":{\"@type\":\"EntryPoint\",\"urlTemplate\":\"https:\\\/\\\/www.contem.es\\\/es\\\/?s={search_term_string}\"},\"query-input\":{\"@type\":\"PropertyValueSpecification\",\"valueRequired\":true,\"valueName\":\"search_term_string\"}}],\"inLanguage\":\"es\"},{\"@type\":\"Organization\",\"@id\":\"https:\\\/\\\/www.contem.es\\\/es\\\/#organization\",\"name\":\"Contem Assessors\",\"url\":\"https:\\\/\\\/www.contem.es\\\/es\\\/\",\"logo\":{\"@type\":\"ImageObject\",\"inLanguage\":\"es\",\"@id\":\"https:\\\/\\\/www.contem.es\\\/es\\\/#\\\/schema\\\/logo\\\/image\\\/\",\"url\":\"https:\\\/\\\/www.contem.es\\\/wp-content\\\/uploads\\\/2016\\\/06\\\/touch-icon-contem.png\",\"contentUrl\":\"https:\\\/\\\/www.contem.es\\\/wp-content\\\/uploads\\\/2016\\\/06\\\/touch-icon-contem.png\",\"width\":120,\"height\":120,\"caption\":\"Contem Assessors\"},\"image\":{\"@id\":\"https:\\\/\\\/www.contem.es\\\/es\\\/#\\\/schema\\\/logo\\\/image\\\/\"},\"sameAs\":[\"https:\\\/\\\/x.com\\\/contemassessors\",\"https:\\\/\\\/www.linkedin.com\\\/company\\\/contem-assessors\"]}]}<\/script>\n<!-- \/ Yoast SEO plugin. -->","yoast_head_json":{"title":"Campa\u00f1as | Contem Assessors","robots":{"index":"index","follow":"follow","max-snippet":"max-snippet:-1","max-image-preview":"max-image-preview:large","max-video-preview":"max-video-preview:-1"},"canonical":"https:\/\/www.contem.es\/es\/campanas\/","og_locale":"es_ES","og_type":"article","og_title":"Campa\u00f1as | Contem Assessors","og_description":"[vc_row el_class=&raquo;page-info&raquo;][vc_column][vc_column_text css=&raquo;.vc_custom_1591256941691{margin-bottom: 0px !important;padding-bottom: 0px !important;}&raquo;] Campa&ntilde;as [\/vc_column_text][vc_column_text]En este apartado incluiremos servicios que ya sea por su car&aacute;cter c&iacute;clico u ocasional ligado a su profundidad merecen un espacio diferente para poder explicarlo detalladamente o para facilitar la gesti&oacute;n y obtenci&oacute;n de informaci&oacute;n[\/vc_column_text][\/vc_column][\/vc_row][vc_row css=&raquo;.vc_custom_1466450345317{padding-right: 8px !important;padding-left: 8px !important;}&raquo;][vc_column width=&raquo;1\/3&Prime; el_class=&raquo;light-block&raquo;][vc_column_text css=&raquo;.vc_custom_1715244784391{background-color: #dfded9 !important;}&raquo;] Renta y [&hellip;]","og_url":"https:\/\/www.contem.es\/es\/campanas\/","og_site_name":"Contem Assessors","article_modified_time":"2024-05-09T08:54:44+00:00","og_image":[{"url":"https:\/\/www.contem.es\/wp-content\/uploads\/2016\/06\/touch-icon-contem.png","type":"","width":"","height":""}],"twitter_card":"summary_large_image","twitter_site":"@contemassessors","twitter_misc":{"Tiempo de lectura":"1 minuto"},"schema":{"@context":"https:\/\/schema.org","@graph":[{"@type":"WebPage","@id":"https:\/\/www.contem.es\/es\/campanas\/","url":"https:\/\/www.contem.es\/es\/campanas\/","name":"Campa\u00f1as | Contem Assessors","isPartOf":{"@id":"https:\/\/www.contem.es\/es\/#website"},"datePublished":"2020-11-02T17:26:12+00:00","dateModified":"2024-05-09T08:54:44+00:00","breadcrumb":{"@id":"https:\/\/www.contem.es\/es\/campanas\/#breadcrumb"},"inLanguage":"es","potentialAction":[{"@type":"ReadAction","target":["https:\/\/www.contem.es\/es\/campanas\/"]}]},{"@type":"BreadcrumbList","@id":"https:\/\/www.contem.es\/es\/campanas\/#breadcrumb","itemListElement":[{"@type":"ListItem","position":1,"name":"Inici","item":"https:\/\/www.contem.es\/es\/"},{"@type":"ListItem","position":2,"name":"Campa\u00f1as"}]},{"@type":"WebSite","@id":"https:\/\/www.contem.es\/es\/#website","url":"https:\/\/www.contem.es\/es\/","name":"Contem Assessors","description":"Fiscal, comptable , laboral , jur\u00eddic , econ\u00f2mic i assegurances","publisher":{"@id":"https:\/\/www.contem.es\/es\/#organization"},"potentialAction":[{"@type":"SearchAction","target":{"@type":"EntryPoint","urlTemplate":"https:\/\/www.contem.es\/es\/?s={search_term_string}"},"query-input":{"@type":"PropertyValueSpecification","valueRequired":true,"valueName":"search_term_string"}}],"inLanguage":"es"},{"@type":"Organization","@id":"https:\/\/www.contem.es\/es\/#organization","name":"Contem Assessors","url":"https:\/\/www.contem.es\/es\/","logo":{"@type":"ImageObject","inLanguage":"es","@id":"https:\/\/www.contem.es\/es\/#\/schema\/logo\/image\/","url":"https:\/\/www.contem.es\/wp-content\/uploads\/2016\/06\/touch-icon-contem.png","contentUrl":"https:\/\/www.contem.es\/wp-content\/uploads\/2016\/06\/touch-icon-contem.png","width":120,"height":120,"caption":"Contem Assessors"},"image":{"@id":"https:\/\/www.contem.es\/es\/#\/schema\/logo\/image\/"},"sameAs":["https:\/\/x.com\/contemassessors","https:\/\/www.linkedin.com\/company\/contem-assessors"]}]}},"_links":{"self":[{"href":"https:\/\/www.contem.es\/es\/wp-json\/wp\/v2\/pages\/3220","targetHints":{"allow":["GET"]}}],"collection":[{"href":"https:\/\/www.contem.es\/es\/wp-json\/wp\/v2\/pages"}],"about":[{"href":"https:\/\/www.contem.es\/es\/wp-json\/wp\/v2\/types\/page"}],"author":[{"embeddable":true,"href":"https:\/\/www.contem.es\/es\/wp-json\/wp\/v2\/users\/1"}],"replies":[{"embeddable":true,"href":"https:\/\/www.contem.es\/es\/wp-json\/wp\/v2\/comments?post=3220"}],"version-history":[{"count":8,"href":"https:\/\/www.contem.es\/es\/wp-json\/wp\/v2\/pages\/3220\/revisions"}],"predecessor-version":[{"id":4340,"href":"https:\/\/www.contem.es\/es\/wp-json\/wp\/v2\/pages\/3220\/revisions\/4340"}],"wp:attachment":[{"href":"https:\/\/www.contem.es\/es\/wp-json\/wp\/v2\/media?parent=3220"}],"curies":[{"name":"wp","href":"https:\/\/api.w.org\/{rel}","templated":true}]}}