{"id":2974,"date":"2016-04-06T07:51:17","date_gmt":"2016-04-06T07:51:17","guid":{"rendered":"https:\/\/www.contem.es\/contacte\/"},"modified":"2024-04-29T04:57:07","modified_gmt":"2024-04-29T04:57:07","slug":"contacto","status":"publish","type":"page","link":"https:\/\/www.contem.es\/es\/contacto\/","title":{"rendered":"Contacto"},"content":{"rendered":"<section class=\"wpb-content-wrapper\"><p>[vc_row el_class=\u00bbpage-info\u00bb][vc_column][vc_column_text css=\u00bb.vc_custom_1584616557017{margin-bottom: 0px !important;padding-bottom: 0px !important;}\u00bb]<\/p>\n<h1>Contacto<\/h1>\n<p>[\/vc_column_text][\/vc_column][\/vc_row][vc_row el_class=\u00bbpage-info\u00bb][vc_column][vc_column_text]Venga a vernos.[\/vc_column_text][\/vc_column][\/vc_row][vc_row el_class=\u00bbpage-info\u00bb][vc_column width=\u00bb2\/3&#8243;][vc_gmaps link=\u00bb#E-8_JTNDaWZyYW1lJTIwc3JjJTNEJTIyaHR0cHMlM0ElMkYlMkZ3d3cuZ29vZ2xlLmNvbSUyRm1hcHMlMkZlbWJlZCUzRnBiJTNEJTIxMW0xOCUyMTFtMTIlMjExbTMlMjExZDM3NC40MTQyNjM5ODA4NDQwNSUyMTJkMS42OTY5OTk3NzM1NjEzNTU2JTIxM2Q0MS4zNDU1MjU4MjkyMzA0NCUyMTJtMyUyMTFmMCUyMTJmMCUyMTNmMCUyMTNtMiUyMTFpMTAyNCUyMTJpNzY4JTIxNGYxMy4xJTIxM20zJTIxMW0yJTIxMXMweDEyYTQ3OThiMTk2ZDdkMmIlMjUzQTB4YzM0ODgzY2JiZTQ0MTNmYyUyMTJzQ29udGVtJTJCU0ElMjE1ZTAlMjEzbTIlMjExc2NhJTIxMnNlcyUyMTR2MTQ2NTg5NTg5NTY4MCUyMiUyMHdpZHRoJTNEJTIyMTAwJTI1JTIyJTIwaGVpZ2h0JTNEJTIyNDAwJTIyJTIwZnJhbWVib3JkZXIlM0QlMjIwJTIyJTIwc3R5bGUlM0QlMjJib3JkZXIlM0EwJTIyJTIwYWxsb3dmdWxsc2NyZWVuJTNFJTNDJTJGaWZyYW1lJTNF\u00bb][\/vc_column][vc_column width=\u00bb1\/3&#8243;][vc_column_text el_class=\u00bbcontacti\u00bb]<\/p>\n<h2>Contacte con nosotros:<\/h2>\n<p><strong>H<\/strong> de lunes a jueves de 08:30h a 13:30h y de 15:00h a 18:00h, viernes de 08:00h a 14:00h<br \/>\n<strong>T<\/strong> +34 938 170 417<br \/>\n<strong>F<\/strong> +34 938 170 301<br \/>\ncontem@contem.es[\/vc_column_text][\/vc_column][\/vc_row][vc_row el_class=\u00bbpage-info\u00bb][vc_column][vc_empty_space][vc_column_text]O si lo prefiere, rellene el siguiente formulario y nos pondremos en contacto con usted en el momento y de la forma que m\u00e1s le convenga.[\/vc_column_text]\n<div class=\"wpcf7 no-js\" id=\"wpcf7-f2972-o1\" lang=\"es-ES\" dir=\"ltr\" data-wpcf7-id=\"2972\">\n<div class=\"screen-reader-response\"><p role=\"status\" aria-live=\"polite\" aria-atomic=\"true\"><\/p> <ul><\/ul><\/div>\n<form action=\"\/es\/wp-json\/wp\/v2\/pages\/2974#wpcf7-f2972-o1\" method=\"post\" class=\"wpcf7-form init\" aria-label=\"Formulario de contacto\" novalidate=\"novalidate\" data-status=\"init\">\n<fieldset class=\"hidden-fields-container\"><input type=\"hidden\" name=\"_wpcf7\" value=\"2972\" \/><input type=\"hidden\" name=\"_wpcf7_version\" value=\"6.1.5\" \/><input type=\"hidden\" name=\"_wpcf7_locale\" value=\"es_ES\" \/><input type=\"hidden\" name=\"_wpcf7_unit_tag\" value=\"wpcf7-f2972-o1\" \/><input type=\"hidden\" name=\"_wpcf7_container_post\" value=\"0\" \/><input type=\"hidden\" name=\"_wpcf7_posted_data_hash\" value=\"\" \/><input type=\"hidden\" name=\"_wpcf7_recaptcha_response\" value=\"\" \/>\n<\/fieldset>\n<div class=\"form-column01\">\n\t<p>Nombre*\n\t<\/p>\n\t<p><span class=\"wpcf7-form-control-wrap\" data-name=\"nom\"><input size=\"40\" maxlength=\"400\" class=\"wpcf7-form-control wpcf7-text wpcf7-validates-as-required\" aria-required=\"true\" aria-invalid=\"false\" value=\"\" type=\"text\" name=\"nom\" \/><\/span>\n\t<\/p>\n<\/div>\n<div class=\"form-column02\">\n\t<p>Apellidos*\n\t<\/p>\n\t<p><span class=\"wpcf7-form-control-wrap\" data-name=\"cognoms\"><input size=\"40\" maxlength=\"400\" class=\"wpcf7-form-control wpcf7-text wpcf7-validates-as-required\" aria-required=\"true\" aria-invalid=\"false\" value=\"\" type=\"text\" name=\"cognoms\" \/><\/span>\n\t<\/p>\n<\/div>\n<div class=\"form-column-full\">\n\t<p>Empresa\n\t<\/p>\n\t<p><span class=\"wpcf7-form-control-wrap\" data-name=\"empresa\"><input size=\"40\" maxlength=\"400\" class=\"wpcf7-form-control wpcf7-text\" aria-invalid=\"false\" value=\"\" type=\"text\" name=\"empresa\" \/><\/span>\n\t<\/p>\n<\/div>\n<div class=\"form-column01\">\n\t<p>Correo electr\u00f3nico*\n\t<\/p>\n\t<p><span class=\"wpcf7-form-control-wrap\" data-name=\"email-128\"><input size=\"40\" maxlength=\"400\" class=\"wpcf7-form-control wpcf7-email wpcf7-validates-as-required wpcf7-text wpcf7-validates-as-email\" aria-required=\"true\" aria-invalid=\"false\" value=\"\" type=\"email\" name=\"email-128\" \/><\/span>\n\t<\/p>\n<\/div>\n<div class=\"form-column02\">\n\t<p>Tel\u00e9fono*\n\t<\/p>\n\t<p><span class=\"wpcf7-form-control-wrap\" data-name=\"tel-203\"><input size=\"40\" maxlength=\"400\" class=\"wpcf7-form-control wpcf7-tel wpcf7-validates-as-required wpcf7-text wpcf7-validates-as-tel\" aria-required=\"true\" aria-invalid=\"false\" value=\"\" type=\"tel\" name=\"tel-203\" \/><\/span>\n\t<\/p>\n<\/div>\n<div class=\"form-column-full\">\n\t<p>Mensaje\n\t<\/p>\n\t<p><span class=\"wpcf7-form-control-wrap\" data-name=\"textarea-352\"><textarea cols=\"40\" rows=\"10\" maxlength=\"2000\" class=\"wpcf7-form-control wpcf7-textarea\" aria-invalid=\"false\" name=\"textarea-352\"><\/textarea><\/span>\n\t<\/p>\n<\/div>\n<div class=\"form-column3-01\">\n\t<p>El mejor d\u00eda para contactarle*\n\t<\/p>\n\t<p><span class=\"wpcf7-form-control-wrap\" data-name=\"menu-453\"><select class=\"wpcf7-form-control wpcf7-select wpcf7-validates-as-required\" aria-required=\"true\" aria-invalid=\"false\" name=\"menu-453\"><option value=\"Indiferente\">Indiferente<\/option><option value=\"Lunes\">Lunes<\/option><option value=\"Martes\">Martes<\/option><option value=\"Mi\u00e9rcoles\">Mi\u00e9rcoles<\/option><option value=\"Jueves\">Jueves<\/option><option value=\"Viernes\">Viernes<\/option><\/select><\/span>\n\t<\/p>\n<\/div>\n<div class=\"form-column3-02\">\n\t<p>La mejor hora pera contactarle*\n\t<\/p>\n\t<p><span class=\"wpcf7-form-control-wrap\" data-name=\"menu-553\"><select class=\"wpcf7-form-control wpcf7-select wpcf7-validates-as-required\" aria-required=\"true\" aria-invalid=\"false\" name=\"menu-553\"><option value=\"Indiferente\">Indiferente<\/option><option value=\"09:00 - 10:00\">09:00 - 10:00<\/option><option value=\"10:00 - 11:00\">10:00 - 11:00<\/option><option value=\"11:00 - 12:00\">11:00 - 12:00<\/option><option value=\"12:00 - 13:00\">12:00 - 13:00<\/option><option value=\"16:00 - 17:00\">16:00 - 17:00<\/option><option value=\"17:00 - 18:00\">17:00 - 18:00<\/option><option value=\"18:00 - 19:00\">18:00 - 19:00<\/option><\/select><\/span>\n\t<\/p>\n<\/div>\n<div class=\"form-column3-03\">\n\t<p>El mejor canal pera contactarle*\n\t<\/p>\n\t<p><span class=\"wpcf7-form-control-wrap\" data-name=\"menu-653\"><select class=\"wpcf7-form-control wpcf7-select wpcf7-validates-as-required\" id=\"form-contact-channel\" aria-required=\"true\" aria-invalid=\"false\" name=\"menu-653\"><option value=\"Tel\u00e9fono\">Tel\u00e9fono<\/option><option value=\"Videoconferencia\">Videoconferencia<\/option><option value=\"Visita a nuestras oficinas\">Visita a nuestras oficinas<\/option><\/select><\/span>\n\t<\/p>\n<\/div>\n<div id=\"form-skype\">\n\t<p>Usuario Skype*\n\t<\/p>\n\t<p><span class=\"wpcf7-form-control-wrap\" data-name=\"skype\"><input size=\"40\" maxlength=\"400\" class=\"wpcf7-form-control wpcf7-text wpcf7-validates-as-required\" id=\"input-skype\" aria-required=\"true\" aria-invalid=\"false\" value=\"\" type=\"text\" name=\"skype\" \/><\/span>\n\t<\/p>\n<\/div>\n<p><span class=\"wpcf7-form-control-wrap\" data-name=\"newsletter\"><span class=\"wpcf7-form-control wpcf7-acceptance optional\"><span class=\"wpcf7-list-item\"><input type=\"checkbox\" name=\"newsletter\" value=\"1\" aria-invalid=\"false\" \/><\/span><\/span><\/span> Quiero suscribirme al newsletter de Contem\n<\/p>\n<div class=\"aceptacion\">\n\t<p><span class=\"wpcf7-form-control-wrap\" data-name=\"acceptance-603\"><span class=\"wpcf7-form-control wpcf7-acceptance\"><span class=\"wpcf7-list-item\"><input type=\"checkbox\" name=\"acceptance-603\" value=\"1\" aria-invalid=\"false\" \/><\/span><\/span><\/span> He le\u00eddo y acepto la <a href=\"\/es\/politica-de-privacidad\" target=\"_blank\">Pol\u00edtica de privacidad<\/a> y el <a href=\"\/es\/aviso-legal\/\" target=\"_blank\">Aviso legal<\/a>\n\t<\/p>\n<\/div>\n<p><span style=\"font-size: .8rem;display: block;font-style: italic;\">Los datos recopilados ser\u00e1n objeto de tratamiento por parte de CONTEM SA, con el fin de realizar procesos de selecci\u00f3n de personal ya sean propios o de terceros. Con el env\u00edo de este formulario el interesado da el consentimiento al tratamiento de sus datos y enviarlos a terceros que contraten el servicio de selecci\u00f3n de personal. Tiene derecho a acceder, rectificar y suprimir los datos, as\u00ed como otros derechos, indicados en la informaci\u00f3n adicional, que puede ejercer dirigi\u00e9ndose a la direcci\u00f3n del responsable del tratamiento. Puede consultar m\u00e1s informaci\u00f3n en: <a href=\"\/es\/politica-de-privacidad\" target=\"_blank\">Pol\u00edtica de privacidad<\/a> y el <a href=\"\/es\/aviso-legal\/\" target=\"_blank\">Aviso legal<\/a><\/span>\n<\/p>\n<p><input class=\"wpcf7-form-control wpcf7-submit has-spinner button\" type=\"submit\" value=\"Enviar\" \/>\n<\/p><div class=\"wpcf7-response-output\" aria-hidden=\"true\"><\/div>\n<\/form>\n<\/div>\n[\/vc_column][\/vc_row]<\/p>\n<\/section>","protected":false},"excerpt":{"rendered":"<p>[vc_row el_class=&raquo;page-info&raquo;][vc_column][vc_column_text css=&raquo;.vc_custom_1584616557017{margin-bottom: 0px !important;padding-bottom: 0px !important;}&raquo;] Contacto [\/vc_column_text][\/vc_column][\/vc_row][vc_row el_class=&raquo;page-info&raquo;][vc_column][vc_column_text]Venga a vernos.[\/vc_column_text][\/vc_column][\/vc_row][vc_row el_class=&raquo;page-info&raquo;][vc_column width=&raquo;2\/3&Prime;][vc_gmaps link=&raquo;#E-8_JTNDaWZyYW1lJTIwc3JjJTNEJTIyaHR0cHMlM0ElMkYlMkZ3d3cuZ29vZ2xlLmNvbSUyRm1hcHMlMkZlbWJlZCUzRnBiJTNEJTIxMW0xOCUyMTFtMTIlMjExbTMlMjExZDM3NC40MTQyNjM5ODA4NDQwNSUyMTJkMS42OTY5OTk3NzM1NjEzNTU2JTIxM2Q0MS4zNDU1MjU4MjkyMzA0NCUyMTJtMyUyMTFmMCUyMTJmMCUyMTNmMCUyMTNtMiUyMTFpMTAyNCUyMTJpNzY4JTIxNGYxMy4xJTIxM20zJTIxMW0yJTIxMXMweDEyYTQ3OThiMTk2ZDdkMmIlMjUzQTB4YzM0ODgzY2JiZTQ0MTNmYyUyMTJzQ29udGVtJTJCU0ElMjE1ZTAlMjEzbTIlMjExc2NhJTIxMnNlcyUyMTR2MTQ2NTg5NTg5NTY4MCUyMiUyMHdpZHRoJTNEJTIyMTAwJTI1JTIyJTIwaGVpZ2h0JTNEJTIyNDAwJTIyJTIwZnJhbWVib3JkZXIlM0QlMjIwJTIyJTIwc3R5bGUlM0QlMjJib3JkZXIlM0EwJTIyJTIwYWxsb3dmdWxsc2NyZWVuJTNFJTNDJTJGaWZyYW1lJTNF&raquo;][\/vc_column][vc_column width=&raquo;1\/3&Prime;][vc_column_text el_class=&raquo;contacti&raquo;] Contacte con nosotros: H de lunes a jueves de 08:30h a 13:30h y de 15:00h a 18:00h, viernes de 08:00h a 14:00hT +34 938 170 417F +34 938 170 301 contem@contem.es[\/vc_column_text][\/vc_column][\/vc_row][vc_row el_class=&raquo;page-info&raquo;][vc_column][vc_empty_space][vc_column_text]O si lo prefiere, rellene el siguiente [&hellip;]<\/p>\n","protected":false},"author":6,"featured_media":0,"parent":0,"menu_order":0,"comment_status":"closed","ping_status":"closed","template":"","meta":{"footnotes":""},"class_list":["post-2974","page","type-page","status-publish","hentry"],"yoast_head":"<!-- This site is optimized with the Yoast SEO plugin v27.4 - https:\/\/yoast.com\/product\/yoast-seo-wordpress\/ -->\n<title>Contacto | Contem Assessors<\/title>\n<meta name=\"robots\" content=\"index, follow, max-snippet:-1, max-image-preview:large, max-video-preview:-1\" \/>\n<link rel=\"canonical\" href=\"https:\/\/www.contem.es\/es\/contacto\/\" \/>\n<meta property=\"og:locale\" content=\"es_ES\" \/>\n<meta property=\"og:type\" content=\"article\" \/>\n<meta property=\"og:title\" content=\"Contacto | Contem Assessors\" \/>\n<meta property=\"og:description\" content=\"[vc_row el_class=&raquo;page-info&raquo;][vc_column][vc_column_text css=&raquo;.vc_custom_1584616557017{margin-bottom: 0px !important;padding-bottom: 0px !important;}&raquo;] Contacto [\/vc_column_text][\/vc_column][\/vc_row][vc_row el_class=&raquo;page-info&raquo;][vc_column][vc_column_text]Venga a vernos.[\/vc_column_text][\/vc_column][\/vc_row][vc_row el_class=&raquo;page-info&raquo;][vc_column width=&raquo;2\/3&Prime;][vc_gmaps link=&raquo;#E-8_JTNDaWZyYW1lJTIwc3JjJTNEJTIyaHR0cHMlM0ElMkYlMkZ3d3cuZ29vZ2xlLmNvbSUyRm1hcHMlMkZlbWJlZCUzRnBiJTNEJTIxMW0xOCUyMTFtMTIlMjExbTMlMjExZDM3NC40MTQyNjM5ODA4NDQwNSUyMTJkMS42OTY5OTk3NzM1NjEzNTU2JTIxM2Q0MS4zNDU1MjU4MjkyMzA0NCUyMTJtMyUyMTFmMCUyMTJmMCUyMTNmMCUyMTNtMiUyMTFpMTAyNCUyMTJpNzY4JTIxNGYxMy4xJTIxM20zJTIxMW0yJTIxMXMweDEyYTQ3OThiMTk2ZDdkMmIlMjUzQTB4YzM0ODgzY2JiZTQ0MTNmYyUyMTJzQ29udGVtJTJCU0ElMjE1ZTAlMjEzbTIlMjExc2NhJTIxMnNlcyUyMTR2MTQ2NTg5NTg5NTY4MCUyMiUyMHdpZHRoJTNEJTIyMTAwJTI1JTIyJTIwaGVpZ2h0JTNEJTIyNDAwJTIyJTIwZnJhbWVib3JkZXIlM0QlMjIwJTIyJTIwc3R5bGUlM0QlMjJib3JkZXIlM0EwJTIyJTIwYWxsb3dmdWxsc2NyZWVuJTNFJTNDJTJGaWZyYW1lJTNF&raquo;][\/vc_column][vc_column width=&raquo;1\/3&Prime;][vc_column_text el_class=&raquo;contacti&raquo;] Contacte con nosotros: H de lunes a jueves de 08:30h a 13:30h y de 15:00h a 18:00h, viernes de 08:00h a 14:00hT +34 938 170 417F +34 938 170 301 contem@contem.es[\/vc_column_text][\/vc_column][\/vc_row][vc_row el_class=&raquo;page-info&raquo;][vc_column][vc_empty_space][vc_column_text]O si lo prefiere, rellene el siguiente [&hellip;]\" \/>\n<meta property=\"og:url\" content=\"https:\/\/www.contem.es\/es\/contacto\/\" \/>\n<meta property=\"og:site_name\" content=\"Contem Assessors\" \/>\n<meta property=\"article:modified_time\" content=\"2024-04-29T04:57:07+00:00\" \/>\n<meta property=\"og:image\" content=\"https:\/\/www.contem.es\/wp-content\/uploads\/2016\/06\/touch-icon-contem.png\" \/>\n<meta name=\"twitter:card\" content=\"summary_large_image\" \/>\n<meta name=\"twitter:site\" content=\"@contemassessors\" \/>\n<meta name=\"twitter:label1\" content=\"Tiempo de lectura\" \/>\n\t<meta name=\"twitter:data1\" content=\"1 minuto\" \/>\n<script type=\"application\/ld+json\" class=\"yoast-schema-graph\">{\"@context\":\"https:\\\/\\\/schema.org\",\"@graph\":[{\"@type\":\"WebPage\",\"@id\":\"https:\\\/\\\/www.contem.es\\\/es\\\/contacto\\\/\",\"url\":\"https:\\\/\\\/www.contem.es\\\/es\\\/contacto\\\/\",\"name\":\"Contacto | Contem Assessors\",\"isPartOf\":{\"@id\":\"https:\\\/\\\/www.contem.es\\\/es\\\/#website\"},\"datePublished\":\"2016-04-06T07:51:17+00:00\",\"dateModified\":\"2024-04-29T04:57:07+00:00\",\"breadcrumb\":{\"@id\":\"https:\\\/\\\/www.contem.es\\\/es\\\/contacto\\\/#breadcrumb\"},\"inLanguage\":\"es\",\"potentialAction\":[{\"@type\":\"ReadAction\",\"target\":[\"https:\\\/\\\/www.contem.es\\\/es\\\/contacto\\\/\"]}]},{\"@type\":\"BreadcrumbList\",\"@id\":\"https:\\\/\\\/www.contem.es\\\/es\\\/contacto\\\/#breadcrumb\",\"itemListElement\":[{\"@type\":\"ListItem\",\"position\":1,\"name\":\"Inici\",\"item\":\"https:\\\/\\\/www.contem.es\\\/es\\\/\"},{\"@type\":\"ListItem\",\"position\":2,\"name\":\"Contacto\"}]},{\"@type\":\"WebSite\",\"@id\":\"https:\\\/\\\/www.contem.es\\\/es\\\/#website\",\"url\":\"https:\\\/\\\/www.contem.es\\\/es\\\/\",\"name\":\"Contem Assessors\",\"description\":\"Fiscal, comptable , laboral , jur\u00eddic , econ\u00f2mic i assegurances\",\"publisher\":{\"@id\":\"https:\\\/\\\/www.contem.es\\\/es\\\/#organization\"},\"potentialAction\":[{\"@type\":\"SearchAction\",\"target\":{\"@type\":\"EntryPoint\",\"urlTemplate\":\"https:\\\/\\\/www.contem.es\\\/es\\\/?s={search_term_string}\"},\"query-input\":{\"@type\":\"PropertyValueSpecification\",\"valueRequired\":true,\"valueName\":\"search_term_string\"}}],\"inLanguage\":\"es\"},{\"@type\":\"Organization\",\"@id\":\"https:\\\/\\\/www.contem.es\\\/es\\\/#organization\",\"name\":\"Contem Assessors\",\"url\":\"https:\\\/\\\/www.contem.es\\\/es\\\/\",\"logo\":{\"@type\":\"ImageObject\",\"inLanguage\":\"es\",\"@id\":\"https:\\\/\\\/www.contem.es\\\/es\\\/#\\\/schema\\\/logo\\\/image\\\/\",\"url\":\"https:\\\/\\\/www.contem.es\\\/wp-content\\\/uploads\\\/2016\\\/06\\\/touch-icon-contem.png\",\"contentUrl\":\"https:\\\/\\\/www.contem.es\\\/wp-content\\\/uploads\\\/2016\\\/06\\\/touch-icon-contem.png\",\"width\":120,\"height\":120,\"caption\":\"Contem Assessors\"},\"image\":{\"@id\":\"https:\\\/\\\/www.contem.es\\\/es\\\/#\\\/schema\\\/logo\\\/image\\\/\"},\"sameAs\":[\"https:\\\/\\\/x.com\\\/contemassessors\",\"https:\\\/\\\/www.linkedin.com\\\/company\\\/contem-assessors\"]}]}<\/script>\n<!-- \/ Yoast SEO plugin. -->","yoast_head_json":{"title":"Contacto | Contem Assessors","robots":{"index":"index","follow":"follow","max-snippet":"max-snippet:-1","max-image-preview":"max-image-preview:large","max-video-preview":"max-video-preview:-1"},"canonical":"https:\/\/www.contem.es\/es\/contacto\/","og_locale":"es_ES","og_type":"article","og_title":"Contacto | Contem Assessors","og_description":"[vc_row el_class=&raquo;page-info&raquo;][vc_column][vc_column_text css=&raquo;.vc_custom_1584616557017{margin-bottom: 0px !important;padding-bottom: 0px !important;}&raquo;] Contacto [\/vc_column_text][\/vc_column][\/vc_row][vc_row el_class=&raquo;page-info&raquo;][vc_column][vc_column_text]Venga a vernos.[\/vc_column_text][\/vc_column][\/vc_row][vc_row el_class=&raquo;page-info&raquo;][vc_column width=&raquo;2\/3&Prime;][vc_gmaps link=&raquo;#E-8_JTNDaWZyYW1lJTIwc3JjJTNEJTIyaHR0cHMlM0ElMkYlMkZ3d3cuZ29vZ2xlLmNvbSUyRm1hcHMlMkZlbWJlZCUzRnBiJTNEJTIxMW0xOCUyMTFtMTIlMjExbTMlMjExZDM3NC40MTQyNjM5ODA4NDQwNSUyMTJkMS42OTY5OTk3NzM1NjEzNTU2JTIxM2Q0MS4zNDU1MjU4MjkyMzA0NCUyMTJtMyUyMTFmMCUyMTJmMCUyMTNmMCUyMTNtMiUyMTFpMTAyNCUyMTJpNzY4JTIxNGYxMy4xJTIxM20zJTIxMW0yJTIxMXMweDEyYTQ3OThiMTk2ZDdkMmIlMjUzQTB4YzM0ODgzY2JiZTQ0MTNmYyUyMTJzQ29udGVtJTJCU0ElMjE1ZTAlMjEzbTIlMjExc2NhJTIxMnNlcyUyMTR2MTQ2NTg5NTg5NTY4MCUyMiUyMHdpZHRoJTNEJTIyMTAwJTI1JTIyJTIwaGVpZ2h0JTNEJTIyNDAwJTIyJTIwZnJhbWVib3JkZXIlM0QlMjIwJTIyJTIwc3R5bGUlM0QlMjJib3JkZXIlM0EwJTIyJTIwYWxsb3dmdWxsc2NyZWVuJTNFJTNDJTJGaWZyYW1lJTNF&raquo;][\/vc_column][vc_column width=&raquo;1\/3&Prime;][vc_column_text el_class=&raquo;contacti&raquo;] Contacte con nosotros: H de lunes a jueves de 08:30h a 13:30h y de 15:00h a 18:00h, viernes de 08:00h a 14:00hT +34 938 170 417F +34 938 170 301 contem@contem.es[\/vc_column_text][\/vc_column][\/vc_row][vc_row el_class=&raquo;page-info&raquo;][vc_column][vc_empty_space][vc_column_text]O si lo prefiere, rellene el siguiente [&hellip;]","og_url":"https:\/\/www.contem.es\/es\/contacto\/","og_site_name":"Contem Assessors","article_modified_time":"2024-04-29T04:57:07+00:00","og_image":[{"url":"https:\/\/www.contem.es\/wp-content\/uploads\/2016\/06\/touch-icon-contem.png","type":"","width":"","height":""}],"twitter_card":"summary_large_image","twitter_site":"@contemassessors","twitter_misc":{"Tiempo de lectura":"1 minuto"},"schema":{"@context":"https:\/\/schema.org","@graph":[{"@type":"WebPage","@id":"https:\/\/www.contem.es\/es\/contacto\/","url":"https:\/\/www.contem.es\/es\/contacto\/","name":"Contacto | Contem Assessors","isPartOf":{"@id":"https:\/\/www.contem.es\/es\/#website"},"datePublished":"2016-04-06T07:51:17+00:00","dateModified":"2024-04-29T04:57:07+00:00","breadcrumb":{"@id":"https:\/\/www.contem.es\/es\/contacto\/#breadcrumb"},"inLanguage":"es","potentialAction":[{"@type":"ReadAction","target":["https:\/\/www.contem.es\/es\/contacto\/"]}]},{"@type":"BreadcrumbList","@id":"https:\/\/www.contem.es\/es\/contacto\/#breadcrumb","itemListElement":[{"@type":"ListItem","position":1,"name":"Inici","item":"https:\/\/www.contem.es\/es\/"},{"@type":"ListItem","position":2,"name":"Contacto"}]},{"@type":"WebSite","@id":"https:\/\/www.contem.es\/es\/#website","url":"https:\/\/www.contem.es\/es\/","name":"Contem Assessors","description":"Fiscal, comptable , laboral , jur\u00eddic , econ\u00f2mic i assegurances","publisher":{"@id":"https:\/\/www.contem.es\/es\/#organization"},"potentialAction":[{"@type":"SearchAction","target":{"@type":"EntryPoint","urlTemplate":"https:\/\/www.contem.es\/es\/?s={search_term_string}"},"query-input":{"@type":"PropertyValueSpecification","valueRequired":true,"valueName":"search_term_string"}}],"inLanguage":"es"},{"@type":"Organization","@id":"https:\/\/www.contem.es\/es\/#organization","name":"Contem Assessors","url":"https:\/\/www.contem.es\/es\/","logo":{"@type":"ImageObject","inLanguage":"es","@id":"https:\/\/www.contem.es\/es\/#\/schema\/logo\/image\/","url":"https:\/\/www.contem.es\/wp-content\/uploads\/2016\/06\/touch-icon-contem.png","contentUrl":"https:\/\/www.contem.es\/wp-content\/uploads\/2016\/06\/touch-icon-contem.png","width":120,"height":120,"caption":"Contem Assessors"},"image":{"@id":"https:\/\/www.contem.es\/es\/#\/schema\/logo\/image\/"},"sameAs":["https:\/\/x.com\/contemassessors","https:\/\/www.linkedin.com\/company\/contem-assessors"]}]}},"_links":{"self":[{"href":"https:\/\/www.contem.es\/es\/wp-json\/wp\/v2\/pages\/2974","targetHints":{"allow":["GET"]}}],"collection":[{"href":"https:\/\/www.contem.es\/es\/wp-json\/wp\/v2\/pages"}],"about":[{"href":"https:\/\/www.contem.es\/es\/wp-json\/wp\/v2\/types\/page"}],"author":[{"embeddable":true,"href":"https:\/\/www.contem.es\/es\/wp-json\/wp\/v2\/users\/6"}],"replies":[{"embeddable":true,"href":"https:\/\/www.contem.es\/es\/wp-json\/wp\/v2\/comments?post=2974"}],"version-history":[{"count":4,"href":"https:\/\/www.contem.es\/es\/wp-json\/wp\/v2\/pages\/2974\/revisions"}],"predecessor-version":[{"id":4158,"href":"https:\/\/www.contem.es\/es\/wp-json\/wp\/v2\/pages\/2974\/revisions\/4158"}],"wp:attachment":[{"href":"https:\/\/www.contem.es\/es\/wp-json\/wp\/v2\/media?parent=2974"}],"curies":[{"name":"wp","href":"https:\/\/api.w.org\/{rel}","templated":true}]}}