{"id":2966,"date":"2016-06-13T09:00:28","date_gmt":"2016-06-13T09:00:28","guid":{"rendered":"https:\/\/www.contem.es\/bolsa-de-trabajo\/curriculums\/"},"modified":"2020-03-19T09:29:06","modified_gmt":"2020-03-19T09:29:06","slug":"curriculums","status":"publish","type":"page","link":"https:\/\/www.contem.es\/es\/bolsa-de-trabajo\/curriculums\/","title":{"rendered":"Curr\u00edculums"},"content":{"rendered":"<section class=\"wpb-content-wrapper\"><p>[vc_row el_class=\u00bbpage-info\u00bb][vc_column][vc_column_text css=\u00bb.vc_custom_1459856593383{margin-bottom: 0px !important;padding-bottom: 0px !important;}\u00bb]<\/p>\n<h1>Curr\u00edculums<\/h1>\n<p>[\/vc_column_text][vc_column_text]Env\u00eda tu curr\u00edculum[\/vc_column_text][\/vc_column][\/vc_row][vc_row][vc_column]\n<div class=\"wpcf7 no-js\" id=\"wpcf7-f2970-o1\" lang=\"es-ES\" dir=\"ltr\" data-wpcf7-id=\"2970\">\n<div class=\"screen-reader-response\"><p role=\"status\" aria-live=\"polite\" aria-atomic=\"true\"><\/p> <ul><\/ul><\/div>\n<form action=\"\/es\/wp-json\/wp\/v2\/pages\/2966#wpcf7-f2970-o1\" method=\"post\" class=\"wpcf7-form init\" aria-label=\"Formulario de contacto\" enctype=\"multipart\/form-data\" novalidate=\"novalidate\" data-status=\"init\">\n<fieldset class=\"hidden-fields-container\"><input type=\"hidden\" name=\"_wpcf7\" value=\"2970\" \/><input type=\"hidden\" name=\"_wpcf7_version\" value=\"6.1.5\" \/><input type=\"hidden\" name=\"_wpcf7_locale\" value=\"es_ES\" \/><input type=\"hidden\" name=\"_wpcf7_unit_tag\" value=\"wpcf7-f2970-o1\" \/><input type=\"hidden\" name=\"_wpcf7_container_post\" value=\"0\" \/><input type=\"hidden\" name=\"_wpcf7_posted_data_hash\" value=\"\" \/><input type=\"hidden\" name=\"_wpcf7_recaptcha_response\" value=\"\" \/>\n<\/fieldset>\n<div class=\"form-column01\">\n\t<p>Nombre*\n\t<\/p>\n\t<p><span class=\"wpcf7-form-control-wrap\" data-name=\"nom\"><input size=\"40\" maxlength=\"400\" class=\"wpcf7-form-control wpcf7-text wpcf7-validates-as-required\" aria-required=\"true\" aria-invalid=\"false\" value=\"\" type=\"text\" name=\"nom\" \/><\/span>\n\t<\/p>\n<\/div>\n<div class=\"form-column02\">\n\t<p>Apellidos*\n\t<\/p>\n\t<p><span class=\"wpcf7-form-control-wrap\" data-name=\"cognoms\"><input size=\"40\" maxlength=\"400\" class=\"wpcf7-form-control wpcf7-text wpcf7-validates-as-required\" aria-required=\"true\" aria-invalid=\"false\" value=\"\" type=\"text\" name=\"cognoms\" \/><\/span>\n\t<\/p>\n<\/div>\n<div class=\"form-column01\">\n\t<p>Correo electr\u00f3nico*\n\t<\/p>\n\t<p><span class=\"wpcf7-form-control-wrap\" data-name=\"email-128\"><input size=\"40\" maxlength=\"400\" class=\"wpcf7-form-control wpcf7-email wpcf7-validates-as-required wpcf7-text wpcf7-validates-as-email\" aria-required=\"true\" aria-invalid=\"false\" value=\"\" type=\"email\" name=\"email-128\" \/><\/span>\n\t<\/p>\n<\/div>\n<div class=\"form-column02\">\n\t<p>Tel\u00e9fono*\n\t<\/p>\n\t<p><span class=\"wpcf7-form-control-wrap\" data-name=\"tel-203\"><input size=\"40\" maxlength=\"400\" class=\"wpcf7-form-control wpcf7-tel wpcf7-validates-as-required wpcf7-text wpcf7-validates-as-tel\" aria-required=\"true\" aria-invalid=\"false\" value=\"\" type=\"tel\" name=\"tel-203\" \/><\/span>\n\t<\/p>\n<\/div>\n<div class=\"form-column-full\">\n\t<p>Mensaje\n\t<\/p>\n\t<p><span class=\"wpcf7-form-control-wrap\" data-name=\"textarea-352\"><textarea cols=\"40\" rows=\"10\" maxlength=\"2000\" class=\"wpcf7-form-control wpcf7-textarea\" aria-invalid=\"false\" name=\"textarea-352\"><\/textarea><\/span>\n\t<\/p>\n<\/div>\n<p>Adjuntar CV*\n<\/p>\n<p><span class=\"wpcf7-form-control-wrap\" data-name=\"file-cv\"><input size=\"40\" class=\"wpcf7-form-control wpcf7-file wpcf7-validates-as-required\" accept=\".doc,.pdf,.docx,.odt\" aria-required=\"true\" aria-invalid=\"false\" type=\"file\" name=\"file-cv\" \/><\/span>\n<\/p>\n<p><i>(PDF, DOC) Tama\u00f1o m\u00e1ximo 1Mb<\/i>\n<\/p>\n<p><span class=\"wpcf7-form-control-wrap\" data-name=\"newsletter\"><span class=\"wpcf7-form-control wpcf7-acceptance optional\"><span class=\"wpcf7-list-item\"><input type=\"checkbox\" name=\"newsletter\" value=\"1\" aria-invalid=\"false\" \/><\/span><\/span><\/span> Quiero suscribirme al newsletter de Contem\n<\/p>\n<div class=\"aceptacion\">\n\t<p><span class=\"wpcf7-form-control-wrap\" data-name=\"acceptance-603\"><span class=\"wpcf7-form-control wpcf7-acceptance\"><span class=\"wpcf7-list-item\"><input type=\"checkbox\" name=\"acceptance-603\" value=\"1\" aria-invalid=\"false\" \/><\/span><\/span><\/span> He le\u00eddo y acepto la <a href=\"\/es\/politica-de-privacidad\" target=\"_blank\">Pol\u00edtica de privacidad<\/a> y el <a href=\"\/es\/aviso-legal\/\" target=\"_blank\">Aviso legal<\/a>\n\t<\/p>\n<\/div>\n<p><span style=\"font-size: .8rem;display: block;font-style: italic;\">Los datos recopilados ser\u00e1n objeto de tratamiento por parte de CONTEM SA, con el fin de realizar procesos de selecci\u00f3n de personal ya sean propios o de terceros. Con el env\u00edo de este formulario el interesado da el consentimiento al tratamiento de sus datos y enviarlos a terceros que contraten el servicio de selecci\u00f3n de personal. Tiene derecho a acceder, rectificar y suprimir los datos, as\u00ed como otros derechos, indicados en la informaci\u00f3n adicional, que puede ejercer dirigi\u00e9ndose a la direcci\u00f3n del responsable del tratamiento. Puede consultar m\u00e1s informaci\u00f3n en: <a href=\"\/es\/politica-de-privacidad\" target=\"_blank\">Pol\u00edtica de privacidad<\/a> y el <a href=\"\/es\/aviso-legal\/\" target=\"_blank\">Aviso legal<\/a><\/span>\n<\/p>\n<p><input class=\"wpcf7-form-control wpcf7-submit has-spinner button\" type=\"submit\" value=\"Enviar\" \/>\n<\/p><div class=\"wpcf7-response-output\" aria-hidden=\"true\"><\/div>\n<\/form>\n<\/div>\n[vc_empty_space height=\u00bb50px\u00bb][\/vc_column][\/vc_row]<\/p>\n<\/section>","protected":false},"excerpt":{"rendered":"<p>[vc_row el_class=&raquo;page-info&raquo;][vc_column][vc_column_text css=&raquo;.vc_custom_1459856593383{margin-bottom: 0px !important;padding-bottom: 0px !important;}&raquo;] Curr&iacute;culums [\/vc_column_text][vc_column_text]Env&iacute;a tu curr&iacute;culum[\/vc_column_text][\/vc_column][\/vc_row][vc_row][vc_column][vc_empty_space height=&raquo;50px&raquo;][\/vc_column][\/vc_row]<\/p>\n","protected":false},"author":2,"featured_media":0,"parent":2961,"menu_order":0,"comment_status":"closed","ping_status":"closed","template":"","meta":{"footnotes":""},"class_list":["post-2966","page","type-page","status-publish","hentry"],"yoast_head":"<!-- This site is optimized with the Yoast SEO plugin v27.3 - https:\/\/yoast.com\/product\/yoast-seo-wordpress\/ -->\n<title>Curr\u00edculums | Contem Assessors<\/title>\n<meta name=\"robots\" content=\"index, follow, max-snippet:-1, max-image-preview:large, max-video-preview:-1\" \/>\n<link rel=\"canonical\" href=\"https:\/\/www.contem.es\/es\/bolsa-de-trabajo\/curriculums\/\" \/>\n<meta property=\"og:locale\" content=\"es_ES\" \/>\n<meta property=\"og:type\" content=\"article\" \/>\n<meta property=\"og:title\" content=\"Curr\u00edculums | Contem Assessors\" \/>\n<meta property=\"og:description\" content=\"[vc_row el_class=&raquo;page-info&raquo;][vc_column][vc_column_text css=&raquo;.vc_custom_1459856593383{margin-bottom: 0px !important;padding-bottom: 0px !important;}&raquo;] Curr&iacute;culums [\/vc_column_text][vc_column_text]Env&iacute;a tu curr&iacute;culum[\/vc_column_text][\/vc_column][\/vc_row][vc_row][vc_column][vc_empty_space height=&raquo;50px&raquo;][\/vc_column][\/vc_row]\" \/>\n<meta property=\"og:url\" content=\"https:\/\/www.contem.es\/es\/bolsa-de-trabajo\/curriculums\/\" \/>\n<meta property=\"og:site_name\" content=\"Contem Assessors\" \/>\n<meta property=\"article:modified_time\" content=\"2020-03-19T09:29:06+00:00\" \/>\n<meta property=\"og:image\" content=\"https:\/\/www.contem.es\/wp-content\/uploads\/2016\/06\/touch-icon-contem.png\" \/>\n<meta name=\"twitter:card\" content=\"summary_large_image\" \/>\n<meta name=\"twitter:site\" content=\"@contemassessors\" \/>\n<script type=\"application\/ld+json\" class=\"yoast-schema-graph\">{\"@context\":\"https:\\\/\\\/schema.org\",\"@graph\":[{\"@type\":\"WebPage\",\"@id\":\"https:\\\/\\\/www.contem.es\\\/es\\\/bolsa-de-trabajo\\\/curriculums\\\/\",\"url\":\"https:\\\/\\\/www.contem.es\\\/es\\\/bolsa-de-trabajo\\\/curriculums\\\/\",\"name\":\"Curr\u00edculums | Contem Assessors\",\"isPartOf\":{\"@id\":\"https:\\\/\\\/www.contem.es\\\/es\\\/#website\"},\"datePublished\":\"2016-06-13T09:00:28+00:00\",\"dateModified\":\"2020-03-19T09:29:06+00:00\",\"breadcrumb\":{\"@id\":\"https:\\\/\\\/www.contem.es\\\/es\\\/bolsa-de-trabajo\\\/curriculums\\\/#breadcrumb\"},\"inLanguage\":\"es\",\"potentialAction\":[{\"@type\":\"ReadAction\",\"target\":[\"https:\\\/\\\/www.contem.es\\\/es\\\/bolsa-de-trabajo\\\/curriculums\\\/\"]}]},{\"@type\":\"BreadcrumbList\",\"@id\":\"https:\\\/\\\/www.contem.es\\\/es\\\/bolsa-de-trabajo\\\/curriculums\\\/#breadcrumb\",\"itemListElement\":[{\"@type\":\"ListItem\",\"position\":1,\"name\":\"Inici\",\"item\":\"https:\\\/\\\/www.contem.es\\\/es\\\/\"},{\"@type\":\"ListItem\",\"position\":2,\"name\":\"Bolsa de trabajo\",\"item\":\"https:\\\/\\\/www.contem.es\\\/es\\\/bolsa-de-trabajo\\\/\"},{\"@type\":\"ListItem\",\"position\":3,\"name\":\"Curr\u00edculums\"}]},{\"@type\":\"WebSite\",\"@id\":\"https:\\\/\\\/www.contem.es\\\/es\\\/#website\",\"url\":\"https:\\\/\\\/www.contem.es\\\/es\\\/\",\"name\":\"Contem Assessors\",\"description\":\"Fiscal, comptable , laboral , jur\u00eddic , econ\u00f2mic i assegurances\",\"publisher\":{\"@id\":\"https:\\\/\\\/www.contem.es\\\/es\\\/#organization\"},\"potentialAction\":[{\"@type\":\"SearchAction\",\"target\":{\"@type\":\"EntryPoint\",\"urlTemplate\":\"https:\\\/\\\/www.contem.es\\\/es\\\/?s={search_term_string}\"},\"query-input\":{\"@type\":\"PropertyValueSpecification\",\"valueRequired\":true,\"valueName\":\"search_term_string\"}}],\"inLanguage\":\"es\"},{\"@type\":\"Organization\",\"@id\":\"https:\\\/\\\/www.contem.es\\\/es\\\/#organization\",\"name\":\"Contem Assessors\",\"url\":\"https:\\\/\\\/www.contem.es\\\/es\\\/\",\"logo\":{\"@type\":\"ImageObject\",\"inLanguage\":\"es\",\"@id\":\"https:\\\/\\\/www.contem.es\\\/es\\\/#\\\/schema\\\/logo\\\/image\\\/\",\"url\":\"https:\\\/\\\/www.contem.es\\\/wp-content\\\/uploads\\\/2016\\\/06\\\/touch-icon-contem.png\",\"contentUrl\":\"https:\\\/\\\/www.contem.es\\\/wp-content\\\/uploads\\\/2016\\\/06\\\/touch-icon-contem.png\",\"width\":120,\"height\":120,\"caption\":\"Contem Assessors\"},\"image\":{\"@id\":\"https:\\\/\\\/www.contem.es\\\/es\\\/#\\\/schema\\\/logo\\\/image\\\/\"},\"sameAs\":[\"https:\\\/\\\/x.com\\\/contemassessors\",\"https:\\\/\\\/www.linkedin.com\\\/company\\\/contem-assessors\"]}]}<\/script>\n<!-- \/ Yoast SEO plugin. -->","yoast_head_json":{"title":"Curr\u00edculums | Contem Assessors","robots":{"index":"index","follow":"follow","max-snippet":"max-snippet:-1","max-image-preview":"max-image-preview:large","max-video-preview":"max-video-preview:-1"},"canonical":"https:\/\/www.contem.es\/es\/bolsa-de-trabajo\/curriculums\/","og_locale":"es_ES","og_type":"article","og_title":"Curr\u00edculums | Contem Assessors","og_description":"[vc_row el_class=&raquo;page-info&raquo;][vc_column][vc_column_text css=&raquo;.vc_custom_1459856593383{margin-bottom: 0px !important;padding-bottom: 0px !important;}&raquo;] Curr&iacute;culums [\/vc_column_text][vc_column_text]Env&iacute;a tu curr&iacute;culum[\/vc_column_text][\/vc_column][\/vc_row][vc_row][vc_column][vc_empty_space height=&raquo;50px&raquo;][\/vc_column][\/vc_row]","og_url":"https:\/\/www.contem.es\/es\/bolsa-de-trabajo\/curriculums\/","og_site_name":"Contem Assessors","article_modified_time":"2020-03-19T09:29:06+00:00","og_image":[{"url":"https:\/\/www.contem.es\/wp-content\/uploads\/2016\/06\/touch-icon-contem.png","type":"","width":"","height":""}],"twitter_card":"summary_large_image","twitter_site":"@contemassessors","schema":{"@context":"https:\/\/schema.org","@graph":[{"@type":"WebPage","@id":"https:\/\/www.contem.es\/es\/bolsa-de-trabajo\/curriculums\/","url":"https:\/\/www.contem.es\/es\/bolsa-de-trabajo\/curriculums\/","name":"Curr\u00edculums | Contem Assessors","isPartOf":{"@id":"https:\/\/www.contem.es\/es\/#website"},"datePublished":"2016-06-13T09:00:28+00:00","dateModified":"2020-03-19T09:29:06+00:00","breadcrumb":{"@id":"https:\/\/www.contem.es\/es\/bolsa-de-trabajo\/curriculums\/#breadcrumb"},"inLanguage":"es","potentialAction":[{"@type":"ReadAction","target":["https:\/\/www.contem.es\/es\/bolsa-de-trabajo\/curriculums\/"]}]},{"@type":"BreadcrumbList","@id":"https:\/\/www.contem.es\/es\/bolsa-de-trabajo\/curriculums\/#breadcrumb","itemListElement":[{"@type":"ListItem","position":1,"name":"Inici","item":"https:\/\/www.contem.es\/es\/"},{"@type":"ListItem","position":2,"name":"Bolsa de trabajo","item":"https:\/\/www.contem.es\/es\/bolsa-de-trabajo\/"},{"@type":"ListItem","position":3,"name":"Curr\u00edculums"}]},{"@type":"WebSite","@id":"https:\/\/www.contem.es\/es\/#website","url":"https:\/\/www.contem.es\/es\/","name":"Contem Assessors","description":"Fiscal, comptable , laboral , jur\u00eddic , econ\u00f2mic i assegurances","publisher":{"@id":"https:\/\/www.contem.es\/es\/#organization"},"potentialAction":[{"@type":"SearchAction","target":{"@type":"EntryPoint","urlTemplate":"https:\/\/www.contem.es\/es\/?s={search_term_string}"},"query-input":{"@type":"PropertyValueSpecification","valueRequired":true,"valueName":"search_term_string"}}],"inLanguage":"es"},{"@type":"Organization","@id":"https:\/\/www.contem.es\/es\/#organization","name":"Contem Assessors","url":"https:\/\/www.contem.es\/es\/","logo":{"@type":"ImageObject","inLanguage":"es","@id":"https:\/\/www.contem.es\/es\/#\/schema\/logo\/image\/","url":"https:\/\/www.contem.es\/wp-content\/uploads\/2016\/06\/touch-icon-contem.png","contentUrl":"https:\/\/www.contem.es\/wp-content\/uploads\/2016\/06\/touch-icon-contem.png","width":120,"height":120,"caption":"Contem Assessors"},"image":{"@id":"https:\/\/www.contem.es\/es\/#\/schema\/logo\/image\/"},"sameAs":["https:\/\/x.com\/contemassessors","https:\/\/www.linkedin.com\/company\/contem-assessors"]}]}},"_links":{"self":[{"href":"https:\/\/www.contem.es\/es\/wp-json\/wp\/v2\/pages\/2966","targetHints":{"allow":["GET"]}}],"collection":[{"href":"https:\/\/www.contem.es\/es\/wp-json\/wp\/v2\/pages"}],"about":[{"href":"https:\/\/www.contem.es\/es\/wp-json\/wp\/v2\/types\/page"}],"author":[{"embeddable":true,"href":"https:\/\/www.contem.es\/es\/wp-json\/wp\/v2\/users\/2"}],"replies":[{"embeddable":true,"href":"https:\/\/www.contem.es\/es\/wp-json\/wp\/v2\/comments?post=2966"}],"version-history":[{"count":2,"href":"https:\/\/www.contem.es\/es\/wp-json\/wp\/v2\/pages\/2966\/revisions"}],"predecessor-version":[{"id":2969,"href":"https:\/\/www.contem.es\/es\/wp-json\/wp\/v2\/pages\/2966\/revisions\/2969"}],"up":[{"embeddable":true,"href":"https:\/\/www.contem.es\/es\/wp-json\/wp\/v2\/pages\/2961"}],"wp:attachment":[{"href":"https:\/\/www.contem.es\/es\/wp-json\/wp\/v2\/media?parent=2966"}],"curies":[{"name":"wp","href":"https:\/\/api.w.org\/{rel}","templated":true}]}}