{"id":2907,"date":"2017-06-13T07:33:28","date_gmt":"2017-06-13T07:33:28","guid":{"rendered":"https:\/\/www.contem.es\/soluciones\/emprenedors\/"},"modified":"2022-01-29T11:53:24","modified_gmt":"2022-01-29T11:53:24","slug":"emprendedores","status":"publish","type":"page","link":"https:\/\/www.contem.es\/es\/soluciones\/emprendedores\/","title":{"rendered":"Emprendedores \/ Startups"},"content":{"rendered":"<section class=\"wpb-content-wrapper\"><p>[vc_row el_class=\u00bbpage-info\u00bb][vc_column width=\u00bb2\/3&#8243; el_class=\u00bbinfo-content\u00bb][vc_column_text css=\u00bb.vc_custom_1643457193960{margin-bottom: 0px !important;padding-bottom: 0px !important;}\u00bb]<\/p>\n<h1>Emprendedores \/ Startups<\/h1>\n<p>[\/vc_column_text][vc_column_text]<\/p>\n<h2>Resolvemos sus interrogantes y fijamos el camino.<\/h2>\n<p>\u00bfCu\u00e1l es la forma legal m\u00e1s adecuada? \u00bfAut\u00f3nomo o sociedad, con o sin socios? \u00bfExisten ayudas para iniciar la actividad?\u00bfEs mejor tributar en m\u00f3dulos?\u00bfC\u00f3mo se hace una factura?\u00bfC\u00f3mo se contrata a alguien? Que son las phantom shares? Existe alguna deducci\u00f3n en la creaci\u00f3n de una empresa?<\/p>\n<p>El inicio de un proyecto est\u00e1 lleno de dudas y decisiones importantes. Desde como se hace una factura y se llevan los papeles hasta el proceso de contratar a alguien. Aportamos experiencia, conocimiento y criterio para hacer realidad sus planes. Estudiamos la viabilidad econ\u00f3mica y ayudamos a tomar las decisiones m\u00e1s adecuadas. Nos aseguramos de que cumple con la legalidad y apoyamos en los momentos de indecisi\u00f3n.<\/p>\n<ul>\n<li>Estudiamos y validamos el plan de viabilidad.<\/li>\n<li>Valoramos y aplicamos aquellas ayudas, bonificaciones e incentivos aplicables a la nueva actividad. <a href=\"https:\/\/www.contem.es\/es\/ayudas-bonificaciones-incentivos-emprendedor\/\">+info<\/a><\/li>\n<li>Asesoramos en la creaci\u00f3n de su empresa y damos los pasos necesarios para ponerla en marcha: alta en la AEAT, seguridad social, capitalizaci\u00f3n del desempleo, etc.<\/li>\n<li>Determinamos la mejor forma jur\u00eddica y el r\u00e9gimen fiscal m\u00e1s adecuado.<\/li>\n<li>Le guiamos en sus obligaciones administrativas y legales: facturaci\u00f3n, archivo, declaraciones, libros oficiales, contrataci\u00f3n de personal, etc.<\/li>\n<li>Le facilitamos una plataforma de facturaci\u00f3n y control de cobros y pagos de clientes a la nube.<\/li>\n<li>Le representamos ante las administraciones p\u00fablicas.<\/li>\n<li>Le ayudamos a definir cuadros de mando para seguir la evoluci\u00f3n del negocio.<\/li>\n<\/ul>\n<p>Una vez determinada su forma jur\u00eddica podr\u00e1 elegir la soluci\u00f3n que m\u00e1s se adapte a su situaci\u00f3n.[\/vc_column_text][vc_row_inner][vc_column_inner el_class=\u00bblight-block\u00bb width=\u00bb1\/2&#8243;][vc_column_text css=\u00bb.vc_custom_1584521689456{background-color: #dfded9 !important;}\u00bb]<\/p>\n<h3><a href=\"\/es\/soluciones\/autonomos\/\">Aut\u00f3nomos<\/a><\/h3>\n<div class=\"ellipsis\">\n<p>Le acompa\u00f1amos en su actividad.<\/p>\n<\/div>\n<div class=\"more-link\"><a href=\"\/es\/soluciones\/autonomos\/\">+ info<\/a><\/div>\n<p>[\/vc_column_text]<div class=\"ult-just-icon-wrapper  \"><div class=\"align-icon\" style=\"text-align:center;\">\n<div class=\"aio-icon none \"  style=\"color:#432d2f;font-size:40px;display:inline-block;\">\n\t<i class=\"Defaults-street-view\"><\/i>\n<\/div><\/div><\/div>[\/vc_column_inner][vc_column_inner el_class=\u00bblight-block\u00bb width=\u00bb1\/2&#8243;][vc_column_text css=\u00bb.vc_custom_1584521703920{background-color: #dfded9 !important;}\u00bb]<\/p>\n<h3><a href=\"\/es\/soluciones\/pymes\/\">Pymes<\/a><\/h3>\n<div class=\"ellipsis\">\n<p>Impulsamos el crecimiento de su negocio.<\/p>\n<\/div>\n<div class=\"more-link\"><a href=\"\/es\/soluciones\/pymes\/\">+ info<\/a><\/div>\n<p>[\/vc_column_text]<div class=\"ult-just-icon-wrapper  \"><div class=\"align-icon\" style=\"text-align:center;\">\n<div class=\"aio-icon none \"  style=\"color:#432d2f;font-size:40px;display:inline-block;\">\n\t<i class=\"Defaults-group users\"><\/i>\n<\/div><\/div><\/div>[\/vc_column_inner][\/vc_row_inner][vc_row_inner][vc_column_inner el_class=\u00bblight-block\u00bb width=\u00bb1\/2&#8243;][vc_column_text css=\u00bb.vc_custom_1584521719537{background-color: #dfded9 !important;}\u00bb]<\/p>\n<h3><a href=\"\/es\/soluciones\/grandes-empresas\/\">Grandes Empresas<\/a><\/h3>\n<div class=\"ellipsis\">\n<p>Ofrecemos rigor confianza y proximidad.<\/p>\n<\/div>\n<div class=\"more-link\"><a href=\"\/es\/soluciones\/grandes-empresas\/\">+ info<\/a><\/div>\n<p>[\/vc_column_text]<div class=\"ult-just-icon-wrapper  \"><div class=\"align-icon\" style=\"text-align:center;\">\n<div class=\"aio-icon none \"  style=\"color:#432d2f;font-size:40px;display:inline-block;\">\n\t<i class=\"Defaults-building-o\"><\/i>\n<\/div><\/div><\/div>[\/vc_column_inner][vc_column_inner el_class=\u00bblight-block\u00bb width=\u00bb1\/2&#8243;][vc_column_text css=\u00bb.vc_custom_1584521733060{background-color: #dfded9 !important;}\u00bb]<\/p>\n<h3><a href=\"\/es\/soluciones\/filiales\/\">Filiales<\/a><\/h3>\n<div class=\"ellipsis\">\n<p>Cuidamos de sus intereses.<\/p>\n<\/div>\n<div class=\"more-link\"><a href=\"\/es\/soluciones\/filiales\/\">+ info<\/a><\/div>\n<p>[\/vc_column_text]<div class=\"ult-just-icon-wrapper  \"><div class=\"align-icon\" style=\"text-align:center;\">\n<div class=\"aio-icon none \"  style=\"color:#432d2f;font-size:40px;display:inline-block;\">\n\t<i class=\"Defaults-briefcase\"><\/i>\n<\/div><\/div><\/div>[\/vc_column_inner][\/vc_row_inner][vc_row_inner][vc_column_inner el_class=\u00bblight-block\u00bb width=\u00bb1\/2&#8243;][vc_column_text css=\u00bb.vc_custom_1584521748607{background-color: #dfded9 !important;}\u00bb]<\/p>\n<h3><a href=\"\/es\/soluciones\/entidades\/\">Entidades<\/a><\/h3>\n<div class=\"ellipsis\">\n<p>Profesionalizamos la sensibilidad.<\/p>\n<\/div>\n<div class=\"more-link\"><a href=\"\/es\/soluciones\/entidades\/\">+ info<\/a><\/div>\n<p>[\/vc_column_text]<div class=\"ult-just-icon-wrapper  \"><div class=\"align-icon\" style=\"text-align:center;\">\n<div class=\"aio-icon none \"  style=\"color:#432d2f;font-size:40px;display:inline-block;\">\n\t<i class=\"Defaults-bullhorn\"><\/i>\n<\/div><\/div><\/div>[\/vc_column_inner][vc_column_inner width=\u00bb1\/2&#8243;][\/vc_column_inner][\/vc_row_inner][\/vc_column][vc_column width=\u00bb1\/3&#8243; css=\u00bb.vc_custom_1465911807690{margin-right: 0px !important;border-right-width: 0px !important;padding-right: 0px !important;}\u00bb][vc_row_inner][vc_column_inner el_class=\u00bbtransparent-block\u00bb][vc_column_text el_class=\u00bbblock-header\u00bb]Noticias[\/vc_column_text][vc_column_text]<ul id='sp57035bbbe70e8' class='super-post template-left'><li ><div class='sp-post-info'><a class='sp-title' data-id='3794' href='https:\/\/www.contem.es\/es\/declaracion-de-renta-y-patrimonio\/'>Declaraci\u00f3n de Renta...<\/a><br \/><span class='sp-date sp-noicon'>13\/03\/25<\/span><p class=\"sp-content\">Por norma general, el 30 de junio finaliza... <a class='sp-more' href='https:\/\/www.contem.es\/es\/declaracion-de-renta-y-patrimonio\/'>+ Info<\/a><\/p><\/div><\/li><\/ul><div class='sp-load-more' data-id='sp57035bbbe70e8' data-post-id='2907' data-load='none' data-offset='1' data-custom=''><\/div>[\/vc_column_text][\/vc_column_inner][\/vc_row_inner][vc_row_inner][vc_column_inner el_class=\u00bbtransparent-block\u00bb][vc_column_text el_class=\u00bbblock-header\u00bb]Noticias[\/vc_column_text][vc_column_text]<ul id='sp57035bbbe70e8' class='super-post template-left'><li ><div class='sp-post-info'><a class='sp-title' data-id='4107' href='https:\/\/www.contem.es\/es\/creacio-i-creixement-dempreses\/'>Creaci\u00f3n y crecimiento...<\/a><br \/><span class='sp-date sp-noicon'>07\/10\/22<\/span><p class=\"sp-content\">Todas las empresas deber\u00e1n expedir factura electr\u00f3nica En... <a class='sp-more' href='https:\/\/www.contem.es\/es\/creacio-i-creixement-dempreses\/'>+ Info<\/a><\/p><\/div><\/li><\/ul><div class='sp-load-more' data-id='sp57035bbbe70e8' data-post-id='3794' data-load='none' data-offset='1' data-custom=''><\/div>[\/vc_column_text][\/vc_column_inner][\/vc_row_inner][vc_row_inner][vc_column_inner el_class=\u00bbdark-block\u00bb][vc_column_text css=\u00bb.vc_custom_1584521769150{background-color: #432d2f !important;}\u00bb]<\/p>\n<h3><a href=\"http:\/\/www.contem.es\/es\/contacto\/\">Si tiene dudas, ll\u00e1menos<\/a><\/h3>\n<p>[\/vc_column_text]<div class=\"ult-just-icon-wrapper  \"><div class=\"align-icon\" style=\"text-align:center;\">\n<a class=\"aio-tooltip 69e08e8d9f533\" href=\"http:\/\/contem.es\/contacte\/\"  data-toggle=\"tooltip\" data-placement=\"\"><div class=\"aio-icon none \"  style=\"color:#ffffff;font-size:40px;display:inline-block;\">\n\t<i class=\"Defaults-phone\"><\/i>\n<\/div><\/a><\/div><\/div>[\/vc_column_inner][\/vc_row_inner][\/vc_column][\/vc_row][vc_row][vc_column][vc_empty_space height=\u00bb50px\u00bb][\/vc_column][\/vc_row]<\/p>\n<\/section>","protected":false},"excerpt":{"rendered":"<p>[vc_row el_class=&raquo;page-info&raquo;][vc_column width=&raquo;2\/3&Prime; el_class=&raquo;info-content&raquo;][vc_column_text css=&raquo;.vc_custom_1643457193960{margin-bottom: 0px !important;padding-bottom: 0px !important;}&raquo;] Emprendedores \/ Startups [\/vc_column_text][vc_column_text] Resolvemos sus interrogantes y fijamos el camino. &iquest;Cu&aacute;l es la forma legal m&aacute;s adecuada? &iquest;Aut&oacute;nomo o sociedad, con o sin socios? &iquest;Existen ayudas para iniciar la actividad?&iquest;Es mejor tributar en m&oacute;dulos?&iquest;C&oacute;mo se hace una factura?&iquest;C&oacute;mo se contrata a alguien? Que son las [&hellip;]<\/p>\n","protected":false},"author":2,"featured_media":0,"parent":2900,"menu_order":0,"comment_status":"closed","ping_status":"closed","template":"","meta":{"footnotes":""},"class_list":["post-2907","page","type-page","status-publish","hentry"],"yoast_head":"<!-- This site is optimized with the Yoast SEO plugin v27.3 - https:\/\/yoast.com\/product\/yoast-seo-wordpress\/ -->\n<title>Emprendedores \/ Startups | Contem Assessors<\/title>\n<meta name=\"robots\" content=\"index, follow, max-snippet:-1, max-image-preview:large, max-video-preview:-1\" \/>\n<link rel=\"canonical\" href=\"https:\/\/www.contem.es\/es\/soluciones\/emprendedores\/\" \/>\n<meta property=\"og:locale\" content=\"es_ES\" \/>\n<meta property=\"og:type\" content=\"article\" \/>\n<meta property=\"og:title\" content=\"Emprendedores \/ Startups | Contem Assessors\" \/>\n<meta property=\"og:description\" content=\"[vc_row el_class=&raquo;page-info&raquo;][vc_column width=&raquo;2\/3&Prime; el_class=&raquo;info-content&raquo;][vc_column_text css=&raquo;.vc_custom_1643457193960{margin-bottom: 0px !important;padding-bottom: 0px !important;}&raquo;] Emprendedores \/ Startups [\/vc_column_text][vc_column_text] Resolvemos sus interrogantes y fijamos el camino. &iquest;Cu&aacute;l es la forma legal m&aacute;s adecuada? &iquest;Aut&oacute;nomo o sociedad, con o sin socios? &iquest;Existen ayudas para iniciar la actividad?&iquest;Es mejor tributar en m&oacute;dulos?&iquest;C&oacute;mo se hace una factura?&iquest;C&oacute;mo se contrata a alguien? Que son las [&hellip;]\" \/>\n<meta property=\"og:url\" content=\"https:\/\/www.contem.es\/es\/soluciones\/emprendedores\/\" \/>\n<meta property=\"og:site_name\" content=\"Contem Assessors\" \/>\n<meta property=\"article:modified_time\" content=\"2022-01-29T11:53:24+00:00\" \/>\n<meta property=\"og:image\" content=\"https:\/\/www.contem.es\/wp-content\/uploads\/2016\/06\/touch-icon-contem.png\" \/>\n<meta name=\"twitter:card\" content=\"summary_large_image\" \/>\n<meta name=\"twitter:site\" content=\"@contemassessors\" \/>\n<meta name=\"twitter:label1\" content=\"Tiempo de lectura\" \/>\n\t<meta name=\"twitter:data1\" content=\"4 minutos\" \/>\n<script type=\"application\/ld+json\" class=\"yoast-schema-graph\">{\"@context\":\"https:\\\/\\\/schema.org\",\"@graph\":[{\"@type\":\"WebPage\",\"@id\":\"https:\\\/\\\/www.contem.es\\\/es\\\/soluciones\\\/emprendedores\\\/\",\"url\":\"https:\\\/\\\/www.contem.es\\\/es\\\/soluciones\\\/emprendedores\\\/\",\"name\":\"Emprendedores \\\/ Startups | Contem Assessors\",\"isPartOf\":{\"@id\":\"https:\\\/\\\/www.contem.es\\\/es\\\/#website\"},\"datePublished\":\"2017-06-13T07:33:28+00:00\",\"dateModified\":\"2022-01-29T11:53:24+00:00\",\"breadcrumb\":{\"@id\":\"https:\\\/\\\/www.contem.es\\\/es\\\/soluciones\\\/emprendedores\\\/#breadcrumb\"},\"inLanguage\":\"es\",\"potentialAction\":[{\"@type\":\"ReadAction\",\"target\":[\"https:\\\/\\\/www.contem.es\\\/es\\\/soluciones\\\/emprendedores\\\/\"]}]},{\"@type\":\"BreadcrumbList\",\"@id\":\"https:\\\/\\\/www.contem.es\\\/es\\\/soluciones\\\/emprendedores\\\/#breadcrumb\",\"itemListElement\":[{\"@type\":\"ListItem\",\"position\":1,\"name\":\"Inici\",\"item\":\"https:\\\/\\\/www.contem.es\\\/es\\\/\"},{\"@type\":\"ListItem\",\"position\":2,\"name\":\"Soluciones\",\"item\":\"https:\\\/\\\/www.contem.es\\\/es\\\/soluciones\\\/\"},{\"@type\":\"ListItem\",\"position\":3,\"name\":\"Emprendedores \\\/ Startups\"}]},{\"@type\":\"WebSite\",\"@id\":\"https:\\\/\\\/www.contem.es\\\/es\\\/#website\",\"url\":\"https:\\\/\\\/www.contem.es\\\/es\\\/\",\"name\":\"Contem Assessors\",\"description\":\"Fiscal, comptable , laboral , jur\u00eddic , econ\u00f2mic i assegurances\",\"publisher\":{\"@id\":\"https:\\\/\\\/www.contem.es\\\/es\\\/#organization\"},\"potentialAction\":[{\"@type\":\"SearchAction\",\"target\":{\"@type\":\"EntryPoint\",\"urlTemplate\":\"https:\\\/\\\/www.contem.es\\\/es\\\/?s={search_term_string}\"},\"query-input\":{\"@type\":\"PropertyValueSpecification\",\"valueRequired\":true,\"valueName\":\"search_term_string\"}}],\"inLanguage\":\"es\"},{\"@type\":\"Organization\",\"@id\":\"https:\\\/\\\/www.contem.es\\\/es\\\/#organization\",\"name\":\"Contem Assessors\",\"url\":\"https:\\\/\\\/www.contem.es\\\/es\\\/\",\"logo\":{\"@type\":\"ImageObject\",\"inLanguage\":\"es\",\"@id\":\"https:\\\/\\\/www.contem.es\\\/es\\\/#\\\/schema\\\/logo\\\/image\\\/\",\"url\":\"https:\\\/\\\/www.contem.es\\\/wp-content\\\/uploads\\\/2016\\\/06\\\/touch-icon-contem.png\",\"contentUrl\":\"https:\\\/\\\/www.contem.es\\\/wp-content\\\/uploads\\\/2016\\\/06\\\/touch-icon-contem.png\",\"width\":120,\"height\":120,\"caption\":\"Contem Assessors\"},\"image\":{\"@id\":\"https:\\\/\\\/www.contem.es\\\/es\\\/#\\\/schema\\\/logo\\\/image\\\/\"},\"sameAs\":[\"https:\\\/\\\/x.com\\\/contemassessors\",\"https:\\\/\\\/www.linkedin.com\\\/company\\\/contem-assessors\"]}]}<\/script>\n<!-- \/ Yoast SEO plugin. -->","yoast_head_json":{"title":"Emprendedores \/ Startups | Contem Assessors","robots":{"index":"index","follow":"follow","max-snippet":"max-snippet:-1","max-image-preview":"max-image-preview:large","max-video-preview":"max-video-preview:-1"},"canonical":"https:\/\/www.contem.es\/es\/soluciones\/emprendedores\/","og_locale":"es_ES","og_type":"article","og_title":"Emprendedores \/ Startups | Contem Assessors","og_description":"[vc_row el_class=&raquo;page-info&raquo;][vc_column width=&raquo;2\/3&Prime; el_class=&raquo;info-content&raquo;][vc_column_text css=&raquo;.vc_custom_1643457193960{margin-bottom: 0px !important;padding-bottom: 0px !important;}&raquo;] Emprendedores \/ Startups [\/vc_column_text][vc_column_text] Resolvemos sus interrogantes y fijamos el camino. &iquest;Cu&aacute;l es la forma legal m&aacute;s adecuada? &iquest;Aut&oacute;nomo o sociedad, con o sin socios? &iquest;Existen ayudas para iniciar la actividad?&iquest;Es mejor tributar en m&oacute;dulos?&iquest;C&oacute;mo se hace una factura?&iquest;C&oacute;mo se contrata a alguien? Que son las [&hellip;]","og_url":"https:\/\/www.contem.es\/es\/soluciones\/emprendedores\/","og_site_name":"Contem Assessors","article_modified_time":"2022-01-29T11:53:24+00:00","og_image":[{"url":"https:\/\/www.contem.es\/wp-content\/uploads\/2016\/06\/touch-icon-contem.png","type":"","width":"","height":""}],"twitter_card":"summary_large_image","twitter_site":"@contemassessors","twitter_misc":{"Tiempo de lectura":"4 minutos"},"schema":{"@context":"https:\/\/schema.org","@graph":[{"@type":"WebPage","@id":"https:\/\/www.contem.es\/es\/soluciones\/emprendedores\/","url":"https:\/\/www.contem.es\/es\/soluciones\/emprendedores\/","name":"Emprendedores \/ Startups | Contem Assessors","isPartOf":{"@id":"https:\/\/www.contem.es\/es\/#website"},"datePublished":"2017-06-13T07:33:28+00:00","dateModified":"2022-01-29T11:53:24+00:00","breadcrumb":{"@id":"https:\/\/www.contem.es\/es\/soluciones\/emprendedores\/#breadcrumb"},"inLanguage":"es","potentialAction":[{"@type":"ReadAction","target":["https:\/\/www.contem.es\/es\/soluciones\/emprendedores\/"]}]},{"@type":"BreadcrumbList","@id":"https:\/\/www.contem.es\/es\/soluciones\/emprendedores\/#breadcrumb","itemListElement":[{"@type":"ListItem","position":1,"name":"Inici","item":"https:\/\/www.contem.es\/es\/"},{"@type":"ListItem","position":2,"name":"Soluciones","item":"https:\/\/www.contem.es\/es\/soluciones\/"},{"@type":"ListItem","position":3,"name":"Emprendedores \/ Startups"}]},{"@type":"WebSite","@id":"https:\/\/www.contem.es\/es\/#website","url":"https:\/\/www.contem.es\/es\/","name":"Contem Assessors","description":"Fiscal, comptable , laboral , jur\u00eddic , econ\u00f2mic i assegurances","publisher":{"@id":"https:\/\/www.contem.es\/es\/#organization"},"potentialAction":[{"@type":"SearchAction","target":{"@type":"EntryPoint","urlTemplate":"https:\/\/www.contem.es\/es\/?s={search_term_string}"},"query-input":{"@type":"PropertyValueSpecification","valueRequired":true,"valueName":"search_term_string"}}],"inLanguage":"es"},{"@type":"Organization","@id":"https:\/\/www.contem.es\/es\/#organization","name":"Contem Assessors","url":"https:\/\/www.contem.es\/es\/","logo":{"@type":"ImageObject","inLanguage":"es","@id":"https:\/\/www.contem.es\/es\/#\/schema\/logo\/image\/","url":"https:\/\/www.contem.es\/wp-content\/uploads\/2016\/06\/touch-icon-contem.png","contentUrl":"https:\/\/www.contem.es\/wp-content\/uploads\/2016\/06\/touch-icon-contem.png","width":120,"height":120,"caption":"Contem Assessors"},"image":{"@id":"https:\/\/www.contem.es\/es\/#\/schema\/logo\/image\/"},"sameAs":["https:\/\/x.com\/contemassessors","https:\/\/www.linkedin.com\/company\/contem-assessors"]}]}},"_links":{"self":[{"href":"https:\/\/www.contem.es\/es\/wp-json\/wp\/v2\/pages\/2907","targetHints":{"allow":["GET"]}}],"collection":[{"href":"https:\/\/www.contem.es\/es\/wp-json\/wp\/v2\/pages"}],"about":[{"href":"https:\/\/www.contem.es\/es\/wp-json\/wp\/v2\/types\/page"}],"author":[{"embeddable":true,"href":"https:\/\/www.contem.es\/es\/wp-json\/wp\/v2\/users\/2"}],"replies":[{"embeddable":true,"href":"https:\/\/www.contem.es\/es\/wp-json\/wp\/v2\/comments?post=2907"}],"version-history":[{"count":4,"href":"https:\/\/www.contem.es\/es\/wp-json\/wp\/v2\/pages\/2907\/revisions"}],"predecessor-version":[{"id":4013,"href":"https:\/\/www.contem.es\/es\/wp-json\/wp\/v2\/pages\/2907\/revisions\/4013"}],"up":[{"embeddable":true,"href":"https:\/\/www.contem.es\/es\/wp-json\/wp\/v2\/pages\/2900"}],"wp:attachment":[{"href":"https:\/\/www.contem.es\/es\/wp-json\/wp\/v2\/media?parent=2907"}],"curies":[{"name":"wp","href":"https:\/\/api.w.org\/{rel}","templated":true}]}}