{"id":2876,"date":"2016-04-06T07:47:52","date_gmt":"2016-04-06T07:47:52","guid":{"rendered":"https:\/\/www.contem.es\/servicios\/laboral\/"},"modified":"2020-03-12T10:46:54","modified_gmt":"2020-03-12T10:46:54","slug":"laboral","status":"publish","type":"page","link":"https:\/\/www.contem.es\/es\/servicios\/laboral\/","title":{"rendered":"Laboral"},"content":{"rendered":"<section class=\"wpb-content-wrapper\"><p>[vc_row el_class=\u00bbpage-info\u00bb][vc_column width=\u00bb2\/3&#8243;][vc_column_text css=\u00bb.vc_custom_1462428509789{margin-bottom: 0px !important;padding-bottom: 0px !important;}\u00bb]<\/p>\n<h1>Laboral<\/h1>\n<p>[\/vc_column_text][vc_column_text]Actualizados y cuidadosos. Estamos al d\u00eda de la cambiante y compleja legislaci\u00f3n laboral. Interpretamos, explicamos y trabajamos para evitar conflictos con los trabajadores, el activo m\u00e1s importante de cualquier empresa o sociedad.[\/vc_column_text][vc_separator color=\u00bbcustom\u00bb border_width=\u00bb2&#8243; accent_color=\u00bb#432d2f\u00bb][vc_column_text el_class=\u00bbintro-tab\u00bb]<\/p>\n<h3>Gesti\u00f3n<\/h3>\n<div class=\"info-content\">\n<p>Ofrecemos la m\u00e1xima tranquilidad a nuestros clientes. Nos ocupamos de formalizar la documentaci\u00f3n y les resolvemos el d\u00eda a d\u00eda de la gesti\u00f3n laboral. Aportamos una visi\u00f3n global y una actuaci\u00f3n concreta, con un trato humano, cercano y confidencial.<\/p>\n<\/div>\n<p>[\/vc_column_text][vc_tta_accordion active_section=\u00bb0&#8243; collapsible_all=\u00bbtrue\u00bb][vc_tta_section title=\u00bbinfo\u00bb tab_id=\u00bb1464597716714-7dde7c36-8619&#8243;][vc_column_text]<\/p>\n<div class=\"info-content\">\n<ul>\n<li>Nos ocupamos del d\u00eda a d\u00eda de la empresa:\n<ul class=\"sub-list\">\n<li>Realizamos n\u00f3minas, boletines de cotizaci\u00f3n a la Seguridad Social y tramitaci\u00f3n de pagos.<\/li>\n<li>Gestionamos ficheros de transferencia bancaria a trabajadores.<\/li>\n<li>Comunicamos a la Seguridad Social ficheros CRA de conceptos salariales.<\/li>\n<li>Redactamos contratos de trabajo y pr\u00f3rrogas de los mismos. Controlamos los vencimientos de contratos y la antig\u00fcedad de los trabajadores.<\/li>\n<li>Formalizamos altas, variaciones y bajas a la Seguridad Social, por accidente o enfermedad, de los diferentes reg\u00edmenes vigentes como el general, el de aut\u00f3nomos, asimilados u hogar.<\/li>\n<li>Calculamos y confeccionamos los atrasos de convenio.<\/li>\n<li>Calculamos los despidos y finiquitos, redactamos cartas de despido formal, de aviso y sanciones.<\/li>\n<li>Formalizamos la declaraci\u00f3n a la AEAT de retenciones al trabajador.<\/li>\n<li>Elaboramos certificados de retenci\u00f3n de trabajadores y res\u00famenes de costes.<\/li>\n<li>Gestionamos las altas y bajas de centros de trabajo.<\/li>\n<\/ul>\n<\/li>\n<\/ul>\n<\/div>\n<p>[\/vc_column_text][\/vc_tta_section][\/vc_tta_accordion][vc_separator color=\u00bbcustom\u00bb border_width=\u00bb2&#8243; accent_color=\u00bb#432d2f\u00bb][vc_column_text el_class=\u00bbintro-tab\u00bb]<\/p>\n<h3>Asesoramiento<\/h3>\n<div class=\"info-content\">\n<p>Nuestro punto de vista es global y al mismo tiempo espec\u00edfico. Aplicamos la ley de la forma m\u00e1s conveniente para cada situaci\u00f3n. Aportamos conocimiento a sus decisiones, buscando evitar futuros conflictos.<\/p>\n<\/div>\n<p>[\/vc_column_text][vc_tta_accordion active_section=\u00bb0&#8243; collapsible_all=\u00bbtrue\u00bb][vc_tta_section title=\u00bbinfo\u00bb tab_id=\u00bb1464599595000-1ede3edf-762c\u00bb][vc_column_text]<\/p>\n<div class=\"info-content\">\n<ul>\n<li>Asesoramos en el d\u00eda a d\u00eda e informamos a nuestros clientes de las novedades legislativas que pueden ser provechosas:\n<ul class=\"sub-list\">\n<li>Bonificaciones a la seguridad social<\/li>\n<li>Contratos laborales de alta direcci\u00f3n<\/li>\n<li>Reg\u00edmenes especiales: aut\u00f3nomos, asimilados, trabajadores del hogar y convenios especiales.<\/li>\n<li>Modificaciones de condiciones laborales<\/li>\n<li>Suspensiones y despidos<\/li>\n<li>R\u00e9gimen sancionador.<\/li>\n<li>Accidentes de trabajo<\/li>\n<li>Clasificaci\u00f3n profesional<\/li>\n<li>Incapacidades laborales<\/li>\n<li>Incapacidades temporales y permanentes<\/li>\n<li>Maternidad y paternidad<\/li>\n<li>Jubilaciones<\/li>\n<li>Registro de jornadas<\/li>\n<\/ul>\n<\/li>\n<li>Aplicamos los contratos laborales m\u00e1s adecuados y ventajosos y nos ocupamos de redactar las cl\u00e1usulas individualizadas.<\/li>\n<li>Hacemos auditor\u00edas laborales y auditor\u00edas de prevenci\u00f3n de riesgos laborales.<\/li>\n<li>Gestionamos la contrata y subcontrata en el sector de la construcci\u00f3n<\/li>\n<\/ul>\n<\/div>\n<p>[\/vc_column_text][\/vc_tta_section][\/vc_tta_accordion][vc_separator color=\u00bbcustom\u00bb border_width=\u00bb2&#8243; accent_color=\u00bb#432d2f\u00bb][vc_column_text el_class=\u00bbintro-tab\u00bb]<\/p>\n<h3>Representaci\u00f3n<\/h3>\n<div class=\"info-content\">Actuamos como interlocutores principales ante las administraciones p\u00fablicas en t\u00e9rminos de gesti\u00f3n laboral. Antes de este desenlace, nos anticipamos a los conflictos.<\/div>\n<p>[\/vc_column_text][vc_tta_accordion active_section=\u00bb0&#8243; collapsible_all=\u00bbtrue\u00bb][vc_tta_section title=\u00bbinfo\u00bb tab_id=\u00bb1464599710547-020411cb-cc54&#8243;][vc_column_text]<\/p>\n<div class=\"info-content\">\n<ul>\n<li>Asistimos a los actos de conciliaci\u00f3n y representamos a los clientes ante el CMAC<\/li>\n<li>Asistimos ante los juzgados sociales.<\/li>\n<li>Representamos a la empresa, entidad o sociedad ante la inspecci\u00f3n de trabajo.<\/li>\n<li>Presentamos recursos y reclamaciones previas.<\/li>\n<li>Preparamos Expedientes de Regulaci\u00f3n de Empleo (ERE)\n<ul class=\"sub-list\">\n<li>Negociamos previamente<\/li>\n<li>Presentamos el expediente<\/li>\n<li>Nos encargamos de la gesti\u00f3n posterior.<\/li>\n<\/ul>\n<\/li>\n<li>Gestionamos el servicio de notificaciones electr\u00f3nicas.<\/li>\n<li>Negociamos el aplazamiento de deudas con la Seguridad Social.<\/li>\n<\/ul>\n<\/div>\n<p>[\/vc_column_text][\/vc_tta_section][\/vc_tta_accordion][vc_separator color=\u00bbcustom\u00bb border_width=\u00bb2&#8243; accent_color=\u00bb#432d2f\u00bb][vc_column_text el_class=\u00bbintro-tab\u00bb]<\/p>\n<h3>Consultor\u00eda<\/h3>\n<div class=\"info-content\">\n<p>Utilizamos nuestra experiencia de m\u00e1s de 60 a\u00f1os para aportar valor a las empresas, sociedades y entidades no lucrativas. Con un servicio personalizado, ayudamos a seleccionar los mejores candidatos para cada lugar de trabajo.<\/p>\n<\/div>\n<p>[\/vc_column_text][vc_tta_accordion active_section=\u00bb0&#8243; collapsible_all=\u00bbtrue\u00bb][vc_tta_section title=\u00bbinfo\u00bb tab_id=\u00bb1464600505271-48eb6e81-07d1&#8243;][vc_column_text]<\/p>\n<div class=\"info-content\">\n<ul>\n<li>Seleccionamos personal. Ofrecemos este servicio orientado a aquellas empresas que necesiten incorporar recursos humanos a su plantilla. Nuestros profesionales trabajan para:\n<ul class=\"sub-list\">\n<li>Encontrar a la persona m\u00e1s cualificada para ocupar la plaza vacante.<\/li>\n<li>Ahorrar tiempo al equipo interno. Realizar y gestionar el proceso de selecci\u00f3n requiere mucho tiempo y recursos.<\/li>\n<li>Disponer de una base de datos actualizada, mediante la cual el cliente obtiene r\u00e1pidamente una lista de aspirantes a ocupar el lugar requerido.<\/li>\n<li>Mantener el anonimato de la empresa en caso que esta as\u00ed lo pida.<\/li>\n<\/ul>\n<\/li>\n<li>Elaboramos planes de retribuci\u00f3n en especie.<\/li>\n<\/ul>\n<\/div>\n<p>[\/vc_column_text][\/vc_tta_section][\/vc_tta_accordion][vc_separator color=\u00bbcustom\u00bb border_width=\u00bb2&#8243; accent_color=\u00bb#432d2f\u00bb][\/vc_column][vc_column width=\u00bb1\/3&#8243;][vc_row_inner][vc_column_inner el_class=\u00bbtransparent-block\u00bb][vc_column_text el_class=\u00bbblock-header\u00bb]Noticias[\/vc_column_text][vc_column_text]<ul id='sp57035bbbe70e8' class='super-post template-left'><li ><div class='sp-post-info'><a class='sp-title' data-id='4498' href='https:\/\/www.contem.es\/es\/sustituir-al-excedente\/'>Sustituir al excedente<\/a><br \/><span class='sp-date sp-noicon'>09\/05\/24<\/span><p class=\"sp-content\">Cualquier trabajador con al menos un a\u00f1o de... <a class='sp-more' href='https:\/\/www.contem.es\/es\/sustituir-al-excedente\/'>+ Info<\/a><\/p><\/div><\/li><\/ul><div class='sp-load-more' data-id='sp57035bbbe70e8' data-post-id='2876' data-load='none' data-offset='1' data-custom=''><\/div>[\/vc_column_text][\/vc_column_inner][\/vc_row_inner][vc_row_inner][vc_column_inner el_class=\u00bbtransparent-block\u00bb][vc_column_text el_class=\u00bbblock-header\u00bb]Noticias[\/vc_column_text][vc_column_text]<ul id='sp57035bbbe70e8' class='super-post template-left'><li ><div class='sp-post-info'><a class='sp-title' data-id='4519' href='https:\/\/www.contem.es\/es\/puede-despedir-al-encubridor\/'>\u00bfPuede despedir al...<\/a><br \/><span class='sp-date sp-noicon'>02\/05\/24<\/span><p class=\"sp-content\">El despido de un trabajador que ha hurtado... <a class='sp-more' href='https:\/\/www.contem.es\/es\/puede-despedir-al-encubridor\/'>+ Info<\/a><\/p><\/div><\/li><\/ul><div class='sp-load-more' data-id='sp57035bbbe70e8' data-post-id='4498' data-load='none' data-offset='1' data-custom=''><\/div>[\/vc_column_text][\/vc_column_inner][\/vc_row_inner][vc_row_inner][vc_column_inner el_class=\u00bbdark-block\u00bb][vc_column_text css=\u00bb.vc_custom_1584009736128{background-color: #432d2f !important;}\u00bb]<\/p>\n<h3><a href=\"http:\/\/www.contem.es\/es\/contacto\/\">Si tiene dudas ll\u00e1menos<\/a><\/h3>\n<p>[\/vc_column_text]<div class=\"ult-just-icon-wrapper  \"><div class=\"align-icon\" style=\"text-align:center;\">\n<a class=\"aio-tooltip 69e0b1b1dd248\" href=\"http:\/\/contem.es\/contacte\/\"  data-toggle=\"tooltip\" data-placement=\"\"><div class=\"aio-icon none \"  style=\"color:#ffffff;font-size:40px;display:inline-block;\">\n\t<i class=\"Defaults-phone\"><\/i>\n<\/div><\/a><\/div><\/div>[\/vc_column_inner][\/vc_row_inner][\/vc_column][\/vc_row]<\/p>\n<\/section>","protected":false},"excerpt":{"rendered":"<p>[vc_row el_class=&raquo;page-info&raquo;][vc_column width=&raquo;2\/3&Prime;][vc_column_text css=&raquo;.vc_custom_1462428509789{margin-bottom: 0px !important;padding-bottom: 0px !important;}&raquo;] Laboral [\/vc_column_text][vc_column_text]Actualizados y cuidadosos. Estamos al d&iacute;a de la cambiante y compleja legislaci&oacute;n laboral. Interpretamos, explicamos y trabajamos para evitar conflictos con los trabajadores, el activo m&aacute;s importante de cualquier empresa o sociedad.[\/vc_column_text][vc_separator color=&raquo;custom&raquo; border_width=&raquo;2&Prime; accent_color=&raquo;#432d2f&raquo;][vc_column_text el_class=&raquo;intro-tab&raquo;] Gesti&oacute;n Ofrecemos la m&aacute;xima tranquilidad a nuestros clientes. Nos ocupamos [&hellip;]<\/p>\n","protected":false},"author":2,"featured_media":0,"parent":2852,"menu_order":0,"comment_status":"closed","ping_status":"closed","template":"","meta":{"footnotes":""},"class_list":["post-2876","page","type-page","status-publish","hentry"],"yoast_head":"<!-- This site is optimized with the Yoast SEO plugin v27.3 - https:\/\/yoast.com\/product\/yoast-seo-wordpress\/ -->\n<title>Laboral | Contem Assessors<\/title>\n<meta name=\"robots\" content=\"index, follow, max-snippet:-1, max-image-preview:large, max-video-preview:-1\" \/>\n<link rel=\"canonical\" href=\"https:\/\/www.contem.es\/es\/servicios\/laboral\/\" \/>\n<meta property=\"og:locale\" content=\"es_ES\" \/>\n<meta property=\"og:type\" content=\"article\" \/>\n<meta property=\"og:title\" content=\"Laboral | Contem Assessors\" \/>\n<meta property=\"og:description\" content=\"[vc_row el_class=&raquo;page-info&raquo;][vc_column width=&raquo;2\/3&Prime;][vc_column_text css=&raquo;.vc_custom_1462428509789{margin-bottom: 0px !important;padding-bottom: 0px !important;}&raquo;] Laboral [\/vc_column_text][vc_column_text]Actualizados y cuidadosos. Estamos al d&iacute;a de la cambiante y compleja legislaci&oacute;n laboral. Interpretamos, explicamos y trabajamos para evitar conflictos con los trabajadores, el activo m&aacute;s importante de cualquier empresa o sociedad.[\/vc_column_text][vc_separator color=&raquo;custom&raquo; border_width=&raquo;2&Prime; accent_color=&raquo;#432d2f&raquo;][vc_column_text el_class=&raquo;intro-tab&raquo;] Gesti&oacute;n Ofrecemos la m&aacute;xima tranquilidad a nuestros clientes. Nos ocupamos [&hellip;]\" \/>\n<meta property=\"og:url\" content=\"https:\/\/www.contem.es\/es\/servicios\/laboral\/\" \/>\n<meta property=\"og:site_name\" content=\"Contem Assessors\" \/>\n<meta property=\"article:modified_time\" content=\"2020-03-12T10:46:54+00:00\" \/>\n<meta property=\"og:image\" content=\"https:\/\/www.contem.es\/wp-content\/uploads\/2016\/06\/touch-icon-contem.png\" \/>\n<meta name=\"twitter:card\" content=\"summary_large_image\" \/>\n<meta name=\"twitter:site\" content=\"@contemassessors\" \/>\n<meta name=\"twitter:label1\" content=\"Tiempo de lectura\" \/>\n\t<meta name=\"twitter:data1\" content=\"6 minutos\" \/>\n<script type=\"application\/ld+json\" class=\"yoast-schema-graph\">{\"@context\":\"https:\\\/\\\/schema.org\",\"@graph\":[{\"@type\":\"WebPage\",\"@id\":\"https:\\\/\\\/www.contem.es\\\/es\\\/servicios\\\/laboral\\\/\",\"url\":\"https:\\\/\\\/www.contem.es\\\/es\\\/servicios\\\/laboral\\\/\",\"name\":\"Laboral | Contem Assessors\",\"isPartOf\":{\"@id\":\"https:\\\/\\\/www.contem.es\\\/es\\\/#website\"},\"datePublished\":\"2016-04-06T07:47:52+00:00\",\"dateModified\":\"2020-03-12T10:46:54+00:00\",\"breadcrumb\":{\"@id\":\"https:\\\/\\\/www.contem.es\\\/es\\\/servicios\\\/laboral\\\/#breadcrumb\"},\"inLanguage\":\"es\",\"potentialAction\":[{\"@type\":\"ReadAction\",\"target\":[\"https:\\\/\\\/www.contem.es\\\/es\\\/servicios\\\/laboral\\\/\"]}]},{\"@type\":\"BreadcrumbList\",\"@id\":\"https:\\\/\\\/www.contem.es\\\/es\\\/servicios\\\/laboral\\\/#breadcrumb\",\"itemListElement\":[{\"@type\":\"ListItem\",\"position\":1,\"name\":\"Inici\",\"item\":\"https:\\\/\\\/www.contem.es\\\/es\\\/\"},{\"@type\":\"ListItem\",\"position\":2,\"name\":\"Servicios\",\"item\":\"https:\\\/\\\/www.contem.es\\\/es\\\/servicios\\\/\"},{\"@type\":\"ListItem\",\"position\":3,\"name\":\"Laboral\"}]},{\"@type\":\"WebSite\",\"@id\":\"https:\\\/\\\/www.contem.es\\\/es\\\/#website\",\"url\":\"https:\\\/\\\/www.contem.es\\\/es\\\/\",\"name\":\"Contem Assessors\",\"description\":\"Fiscal, comptable , laboral , jur\u00eddic , econ\u00f2mic i assegurances\",\"publisher\":{\"@id\":\"https:\\\/\\\/www.contem.es\\\/es\\\/#organization\"},\"potentialAction\":[{\"@type\":\"SearchAction\",\"target\":{\"@type\":\"EntryPoint\",\"urlTemplate\":\"https:\\\/\\\/www.contem.es\\\/es\\\/?s={search_term_string}\"},\"query-input\":{\"@type\":\"PropertyValueSpecification\",\"valueRequired\":true,\"valueName\":\"search_term_string\"}}],\"inLanguage\":\"es\"},{\"@type\":\"Organization\",\"@id\":\"https:\\\/\\\/www.contem.es\\\/es\\\/#organization\",\"name\":\"Contem Assessors\",\"url\":\"https:\\\/\\\/www.contem.es\\\/es\\\/\",\"logo\":{\"@type\":\"ImageObject\",\"inLanguage\":\"es\",\"@id\":\"https:\\\/\\\/www.contem.es\\\/es\\\/#\\\/schema\\\/logo\\\/image\\\/\",\"url\":\"https:\\\/\\\/www.contem.es\\\/wp-content\\\/uploads\\\/2016\\\/06\\\/touch-icon-contem.png\",\"contentUrl\":\"https:\\\/\\\/www.contem.es\\\/wp-content\\\/uploads\\\/2016\\\/06\\\/touch-icon-contem.png\",\"width\":120,\"height\":120,\"caption\":\"Contem Assessors\"},\"image\":{\"@id\":\"https:\\\/\\\/www.contem.es\\\/es\\\/#\\\/schema\\\/logo\\\/image\\\/\"},\"sameAs\":[\"https:\\\/\\\/x.com\\\/contemassessors\",\"https:\\\/\\\/www.linkedin.com\\\/company\\\/contem-assessors\"]}]}<\/script>\n<!-- \/ Yoast SEO plugin. -->","yoast_head_json":{"title":"Laboral | Contem Assessors","robots":{"index":"index","follow":"follow","max-snippet":"max-snippet:-1","max-image-preview":"max-image-preview:large","max-video-preview":"max-video-preview:-1"},"canonical":"https:\/\/www.contem.es\/es\/servicios\/laboral\/","og_locale":"es_ES","og_type":"article","og_title":"Laboral | Contem Assessors","og_description":"[vc_row el_class=&raquo;page-info&raquo;][vc_column width=&raquo;2\/3&Prime;][vc_column_text css=&raquo;.vc_custom_1462428509789{margin-bottom: 0px !important;padding-bottom: 0px !important;}&raquo;] Laboral [\/vc_column_text][vc_column_text]Actualizados y cuidadosos. Estamos al d&iacute;a de la cambiante y compleja legislaci&oacute;n laboral. Interpretamos, explicamos y trabajamos para evitar conflictos con los trabajadores, el activo m&aacute;s importante de cualquier empresa o sociedad.[\/vc_column_text][vc_separator color=&raquo;custom&raquo; border_width=&raquo;2&Prime; accent_color=&raquo;#432d2f&raquo;][vc_column_text el_class=&raquo;intro-tab&raquo;] Gesti&oacute;n Ofrecemos la m&aacute;xima tranquilidad a nuestros clientes. Nos ocupamos [&hellip;]","og_url":"https:\/\/www.contem.es\/es\/servicios\/laboral\/","og_site_name":"Contem Assessors","article_modified_time":"2020-03-12T10:46:54+00:00","og_image":[{"url":"https:\/\/www.contem.es\/wp-content\/uploads\/2016\/06\/touch-icon-contem.png","type":"","width":"","height":""}],"twitter_card":"summary_large_image","twitter_site":"@contemassessors","twitter_misc":{"Tiempo de lectura":"6 minutos"},"schema":{"@context":"https:\/\/schema.org","@graph":[{"@type":"WebPage","@id":"https:\/\/www.contem.es\/es\/servicios\/laboral\/","url":"https:\/\/www.contem.es\/es\/servicios\/laboral\/","name":"Laboral | Contem Assessors","isPartOf":{"@id":"https:\/\/www.contem.es\/es\/#website"},"datePublished":"2016-04-06T07:47:52+00:00","dateModified":"2020-03-12T10:46:54+00:00","breadcrumb":{"@id":"https:\/\/www.contem.es\/es\/servicios\/laboral\/#breadcrumb"},"inLanguage":"es","potentialAction":[{"@type":"ReadAction","target":["https:\/\/www.contem.es\/es\/servicios\/laboral\/"]}]},{"@type":"BreadcrumbList","@id":"https:\/\/www.contem.es\/es\/servicios\/laboral\/#breadcrumb","itemListElement":[{"@type":"ListItem","position":1,"name":"Inici","item":"https:\/\/www.contem.es\/es\/"},{"@type":"ListItem","position":2,"name":"Servicios","item":"https:\/\/www.contem.es\/es\/servicios\/"},{"@type":"ListItem","position":3,"name":"Laboral"}]},{"@type":"WebSite","@id":"https:\/\/www.contem.es\/es\/#website","url":"https:\/\/www.contem.es\/es\/","name":"Contem Assessors","description":"Fiscal, comptable , laboral , jur\u00eddic , econ\u00f2mic i assegurances","publisher":{"@id":"https:\/\/www.contem.es\/es\/#organization"},"potentialAction":[{"@type":"SearchAction","target":{"@type":"EntryPoint","urlTemplate":"https:\/\/www.contem.es\/es\/?s={search_term_string}"},"query-input":{"@type":"PropertyValueSpecification","valueRequired":true,"valueName":"search_term_string"}}],"inLanguage":"es"},{"@type":"Organization","@id":"https:\/\/www.contem.es\/es\/#organization","name":"Contem Assessors","url":"https:\/\/www.contem.es\/es\/","logo":{"@type":"ImageObject","inLanguage":"es","@id":"https:\/\/www.contem.es\/es\/#\/schema\/logo\/image\/","url":"https:\/\/www.contem.es\/wp-content\/uploads\/2016\/06\/touch-icon-contem.png","contentUrl":"https:\/\/www.contem.es\/wp-content\/uploads\/2016\/06\/touch-icon-contem.png","width":120,"height":120,"caption":"Contem Assessors"},"image":{"@id":"https:\/\/www.contem.es\/es\/#\/schema\/logo\/image\/"},"sameAs":["https:\/\/x.com\/contemassessors","https:\/\/www.linkedin.com\/company\/contem-assessors"]}]}},"_links":{"self":[{"href":"https:\/\/www.contem.es\/es\/wp-json\/wp\/v2\/pages\/2876","targetHints":{"allow":["GET"]}}],"collection":[{"href":"https:\/\/www.contem.es\/es\/wp-json\/wp\/v2\/pages"}],"about":[{"href":"https:\/\/www.contem.es\/es\/wp-json\/wp\/v2\/types\/page"}],"author":[{"embeddable":true,"href":"https:\/\/www.contem.es\/es\/wp-json\/wp\/v2\/users\/2"}],"replies":[{"embeddable":true,"href":"https:\/\/www.contem.es\/es\/wp-json\/wp\/v2\/comments?post=2876"}],"version-history":[{"count":4,"href":"https:\/\/www.contem.es\/es\/wp-json\/wp\/v2\/pages\/2876\/revisions"}],"predecessor-version":[{"id":2882,"href":"https:\/\/www.contem.es\/es\/wp-json\/wp\/v2\/pages\/2876\/revisions\/2882"}],"up":[{"embeddable":true,"href":"https:\/\/www.contem.es\/es\/wp-json\/wp\/v2\/pages\/2852"}],"wp:attachment":[{"href":"https:\/\/www.contem.es\/es\/wp-json\/wp\/v2\/media?parent=2876"}],"curies":[{"name":"wp","href":"https:\/\/api.w.org\/{rel}","templated":true}]}}