{"id":2847,"date":"2016-04-06T07:46:25","date_gmt":"2016-04-06T07:46:25","guid":{"rendered":"https:\/\/www.contem.es\/nosotros\/valors\/"},"modified":"2020-03-09T07:18:03","modified_gmt":"2020-03-09T07:18:03","slug":"valores","status":"publish","type":"page","link":"https:\/\/www.contem.es\/es\/nosotros\/valores\/","title":{"rendered":"Valores"},"content":{"rendered":"<section class=\"wpb-content-wrapper\"><p>[vc_row el_class=\u00bbpage-info\u00bb][vc_column][vc_column_text css=\u00bb.vc_custom_1583738242603{margin-bottom: 0px !important;padding-bottom: 0px !important;}\u00bb]<\/p>\n<h1>Valores<\/h1>\n<p>[\/vc_column_text][vc_column_text]<strong>Somos asesoramiento integral.<\/strong> Ofrecemos a empresas y personas un trato cercano y confidencial para resolver dudas y realizar sus gestiones. Somos la tranquilidad de confiar en alguien en materia fiscal, contable, laboral, jur\u00eddica y econ\u00f3mica.<\/p>\n<p><strong>Somos experiencia.<\/strong> Damos voz a los datos y aportamos soluciones a los retos empresariales con una mirada cr\u00edtica y constructiva. El sentido com\u00fan es el resultado de la experiencia. Desde 1959 aportamos soluciones globales desde un punto de vista concreto, tanto a familias como a peque\u00f1a, mediana y gran empresa.<\/p>\n<p><strong>Somos proximidad y flexibilidad.<\/strong> Formamos equipos de trabajo multidisciplinares con profesionales de distintas \u00e1reas. La relaci\u00f3n con los clientes es imprescindible para ofrecer respuestas eficientes. Somos asesores especialistas con una mirada transversal.<br \/>\n<strong><br \/>\nSomos implicaci\u00f3n.<\/strong> Nos convertimos en una extensi\u00f3n de los proyectos empresariales para hacer crecer con consistencia a personas y negocios. Somos su mano derecha ante la Administraci\u00f3n. Leemos la letra peque\u00f1a y nos anticipamos a imprevistos. Acompa\u00f1amos a nuestros clientes en su trayectoria personal y profesional.<br \/>\n<strong><br \/>\nSomos agilidad.<\/strong> Trabajamos alineados con los objetivos empresariales y personales de nuestros clientes. Somos resolutivos, eficaces y claros. Conocemos de primera mano las novedades que afectan a su actividad. Respondemos a sus dudas de manera \u00e1gil y efectiva.[\/vc_column_text][\/vc_column][\/vc_row][vc_row css=\u00bb.vc_custom_1466450015661{padding-right: 8px !important;padding-left: 8px !important;}\u00bb][vc_column width=\u00bb1\/3&#8243; el_class=\u00bbdark-block\u00bb][vc_column_text css=\u00bb.vc_custom_1583738391795{background-color: #432d2f !important;}\u00bb]<\/p>\n<h3><a href=\"http:\/\/www.contem.es\/es\/contacto\/\">Si tiene dudas ll\u00e1menos<\/a><\/h3>\n<p>[\/vc_column_text]<div class=\"ult-just-icon-wrapper  \"><div class=\"align-icon\" style=\"text-align:center;\">\n<a class=\"aio-tooltip 69e11f89689ef\" href=\"http:\/\/contem.es\/contacte\/\"  data-toggle=\"tooltip\" data-placement=\"\"><div class=\"aio-icon none \"  style=\"color:#ffffff;font-size:40px;display:inline-block;\">\n\t<i class=\"Defaults-phone\"><\/i>\n<\/div><\/a><\/div><\/div>[\/vc_column][vc_column width=\u00bb1\/3&#8243;][\/vc_column][vc_column width=\u00bb1\/3&#8243;][\/vc_column][\/vc_row][vc_row][vc_column][vc_empty_space height=\u00bb50px\u00bb][\/vc_column][\/vc_row]<\/p>\n<\/section>","protected":false},"excerpt":{"rendered":"<p>[vc_row el_class=&raquo;page-info&raquo;][vc_column][vc_column_text css=&raquo;.vc_custom_1583738242603{margin-bottom: 0px !important;padding-bottom: 0px !important;}&raquo;] Valores [\/vc_column_text][vc_column_text]Somos asesoramiento integral. Ofrecemos a empresas y personas un trato cercano y confidencial para resolver dudas y realizar sus gestiones. Somos la tranquilidad de confiar en alguien en materia fiscal, contable, laboral, jur&iacute;dica y econ&oacute;mica. Somos experiencia. Damos voz a los datos y aportamos soluciones a los [&hellip;]<\/p>\n","protected":false},"author":2,"featured_media":0,"parent":2744,"menu_order":0,"comment_status":"closed","ping_status":"closed","template":"","meta":{"footnotes":""},"class_list":["post-2847","page","type-page","status-publish","hentry"],"yoast_head":"<!-- This site is optimized with the Yoast SEO plugin v27.3 - https:\/\/yoast.com\/product\/yoast-seo-wordpress\/ -->\n<title>Valores | Contem Assessors<\/title>\n<meta name=\"robots\" content=\"index, follow, max-snippet:-1, max-image-preview:large, max-video-preview:-1\" \/>\n<link rel=\"canonical\" href=\"https:\/\/www.contem.es\/es\/nosotros\/valores\/\" \/>\n<meta property=\"og:locale\" content=\"es_ES\" \/>\n<meta property=\"og:type\" content=\"article\" \/>\n<meta property=\"og:title\" content=\"Valores | Contem Assessors\" \/>\n<meta property=\"og:description\" content=\"[vc_row el_class=&raquo;page-info&raquo;][vc_column][vc_column_text css=&raquo;.vc_custom_1583738242603{margin-bottom: 0px !important;padding-bottom: 0px !important;}&raquo;] Valores [\/vc_column_text][vc_column_text]Somos asesoramiento integral. Ofrecemos a empresas y personas un trato cercano y confidencial para resolver dudas y realizar sus gestiones. Somos la tranquilidad de confiar en alguien en materia fiscal, contable, laboral, jur&iacute;dica y econ&oacute;mica. Somos experiencia. Damos voz a los datos y aportamos soluciones a los [&hellip;]\" \/>\n<meta property=\"og:url\" content=\"https:\/\/www.contem.es\/es\/nosotros\/valores\/\" \/>\n<meta property=\"og:site_name\" content=\"Contem Assessors\" \/>\n<meta property=\"article:modified_time\" content=\"2020-03-09T07:18:03+00:00\" \/>\n<meta property=\"og:image\" content=\"https:\/\/www.contem.es\/wp-content\/uploads\/2016\/06\/touch-icon-contem.png\" \/>\n<meta name=\"twitter:card\" content=\"summary_large_image\" \/>\n<meta name=\"twitter:site\" content=\"@contemassessors\" \/>\n<meta name=\"twitter:label1\" content=\"Tiempo de lectura\" \/>\n\t<meta name=\"twitter:data1\" content=\"2 minutos\" \/>\n<script type=\"application\/ld+json\" class=\"yoast-schema-graph\">{\"@context\":\"https:\\\/\\\/schema.org\",\"@graph\":[{\"@type\":\"WebPage\",\"@id\":\"https:\\\/\\\/www.contem.es\\\/es\\\/nosotros\\\/valores\\\/\",\"url\":\"https:\\\/\\\/www.contem.es\\\/es\\\/nosotros\\\/valores\\\/\",\"name\":\"Valores | Contem Assessors\",\"isPartOf\":{\"@id\":\"https:\\\/\\\/www.contem.es\\\/es\\\/#website\"},\"datePublished\":\"2016-04-06T07:46:25+00:00\",\"dateModified\":\"2020-03-09T07:18:03+00:00\",\"breadcrumb\":{\"@id\":\"https:\\\/\\\/www.contem.es\\\/es\\\/nosotros\\\/valores\\\/#breadcrumb\"},\"inLanguage\":\"es\",\"potentialAction\":[{\"@type\":\"ReadAction\",\"target\":[\"https:\\\/\\\/www.contem.es\\\/es\\\/nosotros\\\/valores\\\/\"]}]},{\"@type\":\"BreadcrumbList\",\"@id\":\"https:\\\/\\\/www.contem.es\\\/es\\\/nosotros\\\/valores\\\/#breadcrumb\",\"itemListElement\":[{\"@type\":\"ListItem\",\"position\":1,\"name\":\"Inici\",\"item\":\"https:\\\/\\\/www.contem.es\\\/es\\\/\"},{\"@type\":\"ListItem\",\"position\":2,\"name\":\"Nosotros\",\"item\":\"https:\\\/\\\/www.contem.es\\\/es\\\/nosotros\\\/\"},{\"@type\":\"ListItem\",\"position\":3,\"name\":\"Valores\"}]},{\"@type\":\"WebSite\",\"@id\":\"https:\\\/\\\/www.contem.es\\\/es\\\/#website\",\"url\":\"https:\\\/\\\/www.contem.es\\\/es\\\/\",\"name\":\"Contem Assessors\",\"description\":\"Fiscal, comptable , laboral , jur\u00eddic , econ\u00f2mic i assegurances\",\"publisher\":{\"@id\":\"https:\\\/\\\/www.contem.es\\\/es\\\/#organization\"},\"potentialAction\":[{\"@type\":\"SearchAction\",\"target\":{\"@type\":\"EntryPoint\",\"urlTemplate\":\"https:\\\/\\\/www.contem.es\\\/es\\\/?s={search_term_string}\"},\"query-input\":{\"@type\":\"PropertyValueSpecification\",\"valueRequired\":true,\"valueName\":\"search_term_string\"}}],\"inLanguage\":\"es\"},{\"@type\":\"Organization\",\"@id\":\"https:\\\/\\\/www.contem.es\\\/es\\\/#organization\",\"name\":\"Contem Assessors\",\"url\":\"https:\\\/\\\/www.contem.es\\\/es\\\/\",\"logo\":{\"@type\":\"ImageObject\",\"inLanguage\":\"es\",\"@id\":\"https:\\\/\\\/www.contem.es\\\/es\\\/#\\\/schema\\\/logo\\\/image\\\/\",\"url\":\"https:\\\/\\\/www.contem.es\\\/wp-content\\\/uploads\\\/2016\\\/06\\\/touch-icon-contem.png\",\"contentUrl\":\"https:\\\/\\\/www.contem.es\\\/wp-content\\\/uploads\\\/2016\\\/06\\\/touch-icon-contem.png\",\"width\":120,\"height\":120,\"caption\":\"Contem Assessors\"},\"image\":{\"@id\":\"https:\\\/\\\/www.contem.es\\\/es\\\/#\\\/schema\\\/logo\\\/image\\\/\"},\"sameAs\":[\"https:\\\/\\\/x.com\\\/contemassessors\",\"https:\\\/\\\/www.linkedin.com\\\/company\\\/contem-assessors\"]}]}<\/script>\n<!-- \/ Yoast SEO plugin. -->","yoast_head_json":{"title":"Valores | Contem Assessors","robots":{"index":"index","follow":"follow","max-snippet":"max-snippet:-1","max-image-preview":"max-image-preview:large","max-video-preview":"max-video-preview:-1"},"canonical":"https:\/\/www.contem.es\/es\/nosotros\/valores\/","og_locale":"es_ES","og_type":"article","og_title":"Valores | Contem Assessors","og_description":"[vc_row el_class=&raquo;page-info&raquo;][vc_column][vc_column_text css=&raquo;.vc_custom_1583738242603{margin-bottom: 0px !important;padding-bottom: 0px !important;}&raquo;] Valores [\/vc_column_text][vc_column_text]Somos asesoramiento integral. Ofrecemos a empresas y personas un trato cercano y confidencial para resolver dudas y realizar sus gestiones. Somos la tranquilidad de confiar en alguien en materia fiscal, contable, laboral, jur&iacute;dica y econ&oacute;mica. Somos experiencia. Damos voz a los datos y aportamos soluciones a los [&hellip;]","og_url":"https:\/\/www.contem.es\/es\/nosotros\/valores\/","og_site_name":"Contem Assessors","article_modified_time":"2020-03-09T07:18:03+00:00","og_image":[{"url":"https:\/\/www.contem.es\/wp-content\/uploads\/2016\/06\/touch-icon-contem.png","type":"","width":"","height":""}],"twitter_card":"summary_large_image","twitter_site":"@contemassessors","twitter_misc":{"Tiempo de lectura":"2 minutos"},"schema":{"@context":"https:\/\/schema.org","@graph":[{"@type":"WebPage","@id":"https:\/\/www.contem.es\/es\/nosotros\/valores\/","url":"https:\/\/www.contem.es\/es\/nosotros\/valores\/","name":"Valores | Contem Assessors","isPartOf":{"@id":"https:\/\/www.contem.es\/es\/#website"},"datePublished":"2016-04-06T07:46:25+00:00","dateModified":"2020-03-09T07:18:03+00:00","breadcrumb":{"@id":"https:\/\/www.contem.es\/es\/nosotros\/valores\/#breadcrumb"},"inLanguage":"es","potentialAction":[{"@type":"ReadAction","target":["https:\/\/www.contem.es\/es\/nosotros\/valores\/"]}]},{"@type":"BreadcrumbList","@id":"https:\/\/www.contem.es\/es\/nosotros\/valores\/#breadcrumb","itemListElement":[{"@type":"ListItem","position":1,"name":"Inici","item":"https:\/\/www.contem.es\/es\/"},{"@type":"ListItem","position":2,"name":"Nosotros","item":"https:\/\/www.contem.es\/es\/nosotros\/"},{"@type":"ListItem","position":3,"name":"Valores"}]},{"@type":"WebSite","@id":"https:\/\/www.contem.es\/es\/#website","url":"https:\/\/www.contem.es\/es\/","name":"Contem Assessors","description":"Fiscal, comptable , laboral , jur\u00eddic , econ\u00f2mic i assegurances","publisher":{"@id":"https:\/\/www.contem.es\/es\/#organization"},"potentialAction":[{"@type":"SearchAction","target":{"@type":"EntryPoint","urlTemplate":"https:\/\/www.contem.es\/es\/?s={search_term_string}"},"query-input":{"@type":"PropertyValueSpecification","valueRequired":true,"valueName":"search_term_string"}}],"inLanguage":"es"},{"@type":"Organization","@id":"https:\/\/www.contem.es\/es\/#organization","name":"Contem Assessors","url":"https:\/\/www.contem.es\/es\/","logo":{"@type":"ImageObject","inLanguage":"es","@id":"https:\/\/www.contem.es\/es\/#\/schema\/logo\/image\/","url":"https:\/\/www.contem.es\/wp-content\/uploads\/2016\/06\/touch-icon-contem.png","contentUrl":"https:\/\/www.contem.es\/wp-content\/uploads\/2016\/06\/touch-icon-contem.png","width":120,"height":120,"caption":"Contem Assessors"},"image":{"@id":"https:\/\/www.contem.es\/es\/#\/schema\/logo\/image\/"},"sameAs":["https:\/\/x.com\/contemassessors","https:\/\/www.linkedin.com\/company\/contem-assessors"]}]}},"_links":{"self":[{"href":"https:\/\/www.contem.es\/es\/wp-json\/wp\/v2\/pages\/2847","targetHints":{"allow":["GET"]}}],"collection":[{"href":"https:\/\/www.contem.es\/es\/wp-json\/wp\/v2\/pages"}],"about":[{"href":"https:\/\/www.contem.es\/es\/wp-json\/wp\/v2\/types\/page"}],"author":[{"embeddable":true,"href":"https:\/\/www.contem.es\/es\/wp-json\/wp\/v2\/users\/2"}],"replies":[{"embeddable":true,"href":"https:\/\/www.contem.es\/es\/wp-json\/wp\/v2\/comments?post=2847"}],"version-history":[{"count":3,"href":"https:\/\/www.contem.es\/es\/wp-json\/wp\/v2\/pages\/2847\/revisions"}],"predecessor-version":[{"id":2850,"href":"https:\/\/www.contem.es\/es\/wp-json\/wp\/v2\/pages\/2847\/revisions\/2850"}],"up":[{"embeddable":true,"href":"https:\/\/www.contem.es\/es\/wp-json\/wp\/v2\/pages\/2744"}],"wp:attachment":[{"href":"https:\/\/www.contem.es\/es\/wp-json\/wp\/v2\/media?parent=2847"}],"curies":[{"name":"wp","href":"https:\/\/api.w.org\/{rel}","templated":true}]}}