{"id":2744,"date":"2016-04-01T09:09:37","date_gmt":"2016-04-01T09:09:37","guid":{"rendered":"https:\/\/www.contem.es\/nosaltres\/"},"modified":"2020-03-09T07:14:11","modified_gmt":"2020-03-09T07:14:11","slug":"nosotros","status":"publish","type":"page","link":"https:\/\/www.contem.es\/es\/nosotros\/","title":{"rendered":"Nosotros"},"content":{"rendered":"<section class=\"wpb-content-wrapper\"><p>[vc_row el_class=\u00bbpage-info\u00bb][vc_column][vc_column_text css=\u00bb.vc_custom_1583737544741{margin-bottom: 0px !important;padding-bottom: 0px !important;}\u00bb]<\/p>\n<h1>Nosotros<\/h1>\n<p>[\/vc_column_text][vc_column_text]<br \/>\n<strong>Impulso<\/strong>. Somos fieles a las ideas de nuestros clientes. Aportamos el conocimiento y el criterio de un equipo multidisciplinar para hacer realidad los proyectos de personas, empresas y entidades sociales. Sabemos que no hay dos puntos de vista iguales. Por este motivo, somos flexibles y nos coordinamos para resolver los retos actuales con garant\u00edas y agilidad. Avanzamos con paso firme.<\/p>\n<p><strong>Crecimiento.<\/strong> Nos adaptamos al entorno, a las leyes y a la realidad de las empresas. Evolucionamos con nuestros clientes y avanzamos a su lado, porqu\u00e9 sus objetivos son nuestra prioridad. Aportamos talento desde todas las perspectivas para generar valor en el mercado local, nacional o internacional.<\/p>\n<p><strong>Consolidaci\u00f3n.<\/strong> Generamos soluciones a medida de personas, emprendedores y sociedades, sea cual sea su naturaleza o dimensi\u00f3n. Nos anticipamos a los imprevistos que surgen en el d\u00eda a d\u00eda y a largo plazo para enriquecer su visi\u00f3n global. Escuchamos, comprendemos, asesoramos y tramitamos. Somos rigor, confianza y proximidad.[\/vc_column_text][\/vc_column][\/vc_row][vc_row css=\u00bb.vc_custom_1460021339397{padding-right: 5px !important;padding-left: 5px !important;}\u00bb][vc_column width=\u00bb1\/3&#8243; el_class=\u00bblight-block\u00bb][vc_column_text css=\u00bb.vc_custom_1583738133466{background-color: #dfded9 !important;}\u00bb]<\/p>\n<h3><a href=\"https:\/\/www.contem.es\/es\/nosotros\/valores\/\">Valores<\/a><\/h3>\n<div class=\"ellipsis\">\n<p>Nuestros valores profesionales<\/p>\n<\/div>\n<div class=\"more-link\"><a href=\"https:\/\/www.contem.es\/es\/nosotros\/valores\/\">+ Valores<\/a><\/div>\n<p>[\/vc_column_text]<div class=\"ult-just-icon-wrapper  \"><div class=\"align-icon\" style=\"text-align:center;\">\n<div class=\"aio-icon none \"  style=\"color:#432d2f;font-size:40px;display:inline-block;\">\n\t<i class=\"Defaults-th\"><\/i>\n<\/div><\/div><\/div>[\/vc_column][vc_column width=\u00bb1\/3&#8243; el_class=\u00bblight-block\u00bb][vc_column_text css=\u00bb.vc_custom_1583738158624{background-color: #dfded9 !important;}\u00bb]<\/p>\n<h3><a href=\"https:\/\/www.contem.es\/es\/nosotros\/codigo-etico\/\">C\u00f3digo \u00e9tico<\/a><\/h3>\n<div class=\"ellipsis\">\n<p>Los principios fundamentales sobre los que actuamos<\/p>\n<\/div>\n<div class=\"more-link\"><a href=\"https:\/\/www.contem.es\/es\/nosotros\/codigo-etico\/\">+ C\u00f3digo \u00e9tico<\/a><\/div>\n<p>[\/vc_column_text]<div class=\"ult-just-icon-wrapper  \"><div class=\"align-icon\" style=\"text-align:center;\">\n<div class=\"aio-icon none \"  style=\"color:#432d2f;font-size:40px;display:inline-block;\">\n\t<i class=\"Defaults-street-view\"><\/i>\n<\/div><\/div><\/div>[\/vc_column][vc_column width=\u00bb1\/3&#8243; el_class=\u00bbdark-block\u00bb css=\u00bb.vc_custom_1466449691931{padding-right: 0px !important;padding-left: 10px !important;}\u00bb][vc_column_text css=\u00bb.vc_custom_1583737858164{background-color: #432d2f !important;}\u00bb]<\/p>\n<h3><a href=\"http:\/\/www.contem.es\/es\/contacto\/\">Si tiene dudas ll\u00e1menos<\/a><\/h3>\n<p>[\/vc_column_text]<div class=\"ult-just-icon-wrapper  \"><div class=\"align-icon\" style=\"text-align:center;\">\n<a class=\"aio-tooltip 69e0fe1b412cd\" href=\"http:\/\/contem.es\/contacte\/\"  data-toggle=\"tooltip\" data-placement=\"\"><div class=\"aio-icon none \"  style=\"color:#ffffff;font-size:40px;display:inline-block;\">\n\t<i class=\"Defaults-phone\"><\/i>\n<\/div><\/a><\/div><\/div>[\/vc_column][\/vc_row][vc_row][vc_column][vc_empty_space height=\u00bb50px\u00bb][\/vc_column][\/vc_row]<\/p>\n<\/section>","protected":false},"excerpt":{"rendered":"<p>[vc_row el_class=&raquo;page-info&raquo;][vc_column][vc_column_text css=&raquo;.vc_custom_1583737544741{margin-bottom: 0px !important;padding-bottom: 0px !important;}&raquo;] Nosotros [\/vc_column_text][vc_column_text]Impulso. Somos fieles a las ideas de nuestros clientes. Aportamos el conocimiento y el criterio de un equipo multidisciplinar para hacer realidad los proyectos de personas, empresas y entidades sociales. Sabemos que no hay dos puntos de vista iguales. Por este motivo, somos flexibles y nos coordinamos [&hellip;]<\/p>\n","protected":false},"author":2,"featured_media":0,"parent":0,"menu_order":0,"comment_status":"closed","ping_status":"closed","template":"","meta":{"footnotes":""},"class_list":["post-2744","page","type-page","status-publish","hentry"],"yoast_head":"<!-- This site is optimized with the Yoast SEO plugin v27.3 - https:\/\/yoast.com\/product\/yoast-seo-wordpress\/ -->\n<title>Nosotros | Contem Assessors<\/title>\n<meta name=\"robots\" content=\"index, follow, max-snippet:-1, max-image-preview:large, max-video-preview:-1\" \/>\n<link rel=\"canonical\" href=\"https:\/\/www.contem.es\/es\/nosotros\/\" \/>\n<meta property=\"og:locale\" content=\"es_ES\" \/>\n<meta property=\"og:type\" content=\"article\" \/>\n<meta property=\"og:title\" content=\"Nosotros | Contem Assessors\" \/>\n<meta property=\"og:description\" content=\"[vc_row el_class=&raquo;page-info&raquo;][vc_column][vc_column_text css=&raquo;.vc_custom_1583737544741{margin-bottom: 0px !important;padding-bottom: 0px !important;}&raquo;] Nosotros [\/vc_column_text][vc_column_text]Impulso. Somos fieles a las ideas de nuestros clientes. Aportamos el conocimiento y el criterio de un equipo multidisciplinar para hacer realidad los proyectos de personas, empresas y entidades sociales. Sabemos que no hay dos puntos de vista iguales. Por este motivo, somos flexibles y nos coordinamos [&hellip;]\" \/>\n<meta property=\"og:url\" content=\"https:\/\/www.contem.es\/es\/nosotros\/\" \/>\n<meta property=\"og:site_name\" content=\"Contem Assessors\" \/>\n<meta property=\"article:modified_time\" content=\"2020-03-09T07:14:11+00:00\" \/>\n<meta property=\"og:image\" content=\"https:\/\/www.contem.es\/wp-content\/uploads\/2016\/06\/touch-icon-contem.png\" \/>\n<meta name=\"twitter:card\" content=\"summary_large_image\" \/>\n<meta name=\"twitter:site\" content=\"@contemassessors\" \/>\n<meta name=\"twitter:label1\" content=\"Tiempo de lectura\" \/>\n\t<meta name=\"twitter:data1\" content=\"2 minutos\" \/>\n<script type=\"application\/ld+json\" class=\"yoast-schema-graph\">{\"@context\":\"https:\\\/\\\/schema.org\",\"@graph\":[{\"@type\":\"WebPage\",\"@id\":\"https:\\\/\\\/www.contem.es\\\/es\\\/nosotros\\\/\",\"url\":\"https:\\\/\\\/www.contem.es\\\/es\\\/nosotros\\\/\",\"name\":\"Nosotros | Contem Assessors\",\"isPartOf\":{\"@id\":\"https:\\\/\\\/www.contem.es\\\/es\\\/#website\"},\"datePublished\":\"2016-04-01T09:09:37+00:00\",\"dateModified\":\"2020-03-09T07:14:11+00:00\",\"breadcrumb\":{\"@id\":\"https:\\\/\\\/www.contem.es\\\/es\\\/nosotros\\\/#breadcrumb\"},\"inLanguage\":\"es\",\"potentialAction\":[{\"@type\":\"ReadAction\",\"target\":[\"https:\\\/\\\/www.contem.es\\\/es\\\/nosotros\\\/\"]}]},{\"@type\":\"BreadcrumbList\",\"@id\":\"https:\\\/\\\/www.contem.es\\\/es\\\/nosotros\\\/#breadcrumb\",\"itemListElement\":[{\"@type\":\"ListItem\",\"position\":1,\"name\":\"Inici\",\"item\":\"https:\\\/\\\/www.contem.es\\\/es\\\/\"},{\"@type\":\"ListItem\",\"position\":2,\"name\":\"Nosotros\"}]},{\"@type\":\"WebSite\",\"@id\":\"https:\\\/\\\/www.contem.es\\\/es\\\/#website\",\"url\":\"https:\\\/\\\/www.contem.es\\\/es\\\/\",\"name\":\"Contem Assessors\",\"description\":\"Fiscal, comptable , laboral , jur\u00eddic , econ\u00f2mic i assegurances\",\"publisher\":{\"@id\":\"https:\\\/\\\/www.contem.es\\\/es\\\/#organization\"},\"potentialAction\":[{\"@type\":\"SearchAction\",\"target\":{\"@type\":\"EntryPoint\",\"urlTemplate\":\"https:\\\/\\\/www.contem.es\\\/es\\\/?s={search_term_string}\"},\"query-input\":{\"@type\":\"PropertyValueSpecification\",\"valueRequired\":true,\"valueName\":\"search_term_string\"}}],\"inLanguage\":\"es\"},{\"@type\":\"Organization\",\"@id\":\"https:\\\/\\\/www.contem.es\\\/es\\\/#organization\",\"name\":\"Contem Assessors\",\"url\":\"https:\\\/\\\/www.contem.es\\\/es\\\/\",\"logo\":{\"@type\":\"ImageObject\",\"inLanguage\":\"es\",\"@id\":\"https:\\\/\\\/www.contem.es\\\/es\\\/#\\\/schema\\\/logo\\\/image\\\/\",\"url\":\"https:\\\/\\\/www.contem.es\\\/wp-content\\\/uploads\\\/2016\\\/06\\\/touch-icon-contem.png\",\"contentUrl\":\"https:\\\/\\\/www.contem.es\\\/wp-content\\\/uploads\\\/2016\\\/06\\\/touch-icon-contem.png\",\"width\":120,\"height\":120,\"caption\":\"Contem Assessors\"},\"image\":{\"@id\":\"https:\\\/\\\/www.contem.es\\\/es\\\/#\\\/schema\\\/logo\\\/image\\\/\"},\"sameAs\":[\"https:\\\/\\\/x.com\\\/contemassessors\",\"https:\\\/\\\/www.linkedin.com\\\/company\\\/contem-assessors\"]}]}<\/script>\n<!-- \/ Yoast SEO plugin. -->","yoast_head_json":{"title":"Nosotros | Contem Assessors","robots":{"index":"index","follow":"follow","max-snippet":"max-snippet:-1","max-image-preview":"max-image-preview:large","max-video-preview":"max-video-preview:-1"},"canonical":"https:\/\/www.contem.es\/es\/nosotros\/","og_locale":"es_ES","og_type":"article","og_title":"Nosotros | Contem Assessors","og_description":"[vc_row el_class=&raquo;page-info&raquo;][vc_column][vc_column_text css=&raquo;.vc_custom_1583737544741{margin-bottom: 0px !important;padding-bottom: 0px !important;}&raquo;] Nosotros [\/vc_column_text][vc_column_text]Impulso. Somos fieles a las ideas de nuestros clientes. Aportamos el conocimiento y el criterio de un equipo multidisciplinar para hacer realidad los proyectos de personas, empresas y entidades sociales. Sabemos que no hay dos puntos de vista iguales. Por este motivo, somos flexibles y nos coordinamos [&hellip;]","og_url":"https:\/\/www.contem.es\/es\/nosotros\/","og_site_name":"Contem Assessors","article_modified_time":"2020-03-09T07:14:11+00:00","og_image":[{"url":"https:\/\/www.contem.es\/wp-content\/uploads\/2016\/06\/touch-icon-contem.png","type":"","width":"","height":""}],"twitter_card":"summary_large_image","twitter_site":"@contemassessors","twitter_misc":{"Tiempo de lectura":"2 minutos"},"schema":{"@context":"https:\/\/schema.org","@graph":[{"@type":"WebPage","@id":"https:\/\/www.contem.es\/es\/nosotros\/","url":"https:\/\/www.contem.es\/es\/nosotros\/","name":"Nosotros | Contem Assessors","isPartOf":{"@id":"https:\/\/www.contem.es\/es\/#website"},"datePublished":"2016-04-01T09:09:37+00:00","dateModified":"2020-03-09T07:14:11+00:00","breadcrumb":{"@id":"https:\/\/www.contem.es\/es\/nosotros\/#breadcrumb"},"inLanguage":"es","potentialAction":[{"@type":"ReadAction","target":["https:\/\/www.contem.es\/es\/nosotros\/"]}]},{"@type":"BreadcrumbList","@id":"https:\/\/www.contem.es\/es\/nosotros\/#breadcrumb","itemListElement":[{"@type":"ListItem","position":1,"name":"Inici","item":"https:\/\/www.contem.es\/es\/"},{"@type":"ListItem","position":2,"name":"Nosotros"}]},{"@type":"WebSite","@id":"https:\/\/www.contem.es\/es\/#website","url":"https:\/\/www.contem.es\/es\/","name":"Contem Assessors","description":"Fiscal, comptable , laboral , jur\u00eddic , econ\u00f2mic i assegurances","publisher":{"@id":"https:\/\/www.contem.es\/es\/#organization"},"potentialAction":[{"@type":"SearchAction","target":{"@type":"EntryPoint","urlTemplate":"https:\/\/www.contem.es\/es\/?s={search_term_string}"},"query-input":{"@type":"PropertyValueSpecification","valueRequired":true,"valueName":"search_term_string"}}],"inLanguage":"es"},{"@type":"Organization","@id":"https:\/\/www.contem.es\/es\/#organization","name":"Contem Assessors","url":"https:\/\/www.contem.es\/es\/","logo":{"@type":"ImageObject","inLanguage":"es","@id":"https:\/\/www.contem.es\/es\/#\/schema\/logo\/image\/","url":"https:\/\/www.contem.es\/wp-content\/uploads\/2016\/06\/touch-icon-contem.png","contentUrl":"https:\/\/www.contem.es\/wp-content\/uploads\/2016\/06\/touch-icon-contem.png","width":120,"height":120,"caption":"Contem Assessors"},"image":{"@id":"https:\/\/www.contem.es\/es\/#\/schema\/logo\/image\/"},"sameAs":["https:\/\/x.com\/contemassessors","https:\/\/www.linkedin.com\/company\/contem-assessors"]}]}},"_links":{"self":[{"href":"https:\/\/www.contem.es\/es\/wp-json\/wp\/v2\/pages\/2744","targetHints":{"allow":["GET"]}}],"collection":[{"href":"https:\/\/www.contem.es\/es\/wp-json\/wp\/v2\/pages"}],"about":[{"href":"https:\/\/www.contem.es\/es\/wp-json\/wp\/v2\/types\/page"}],"author":[{"embeddable":true,"href":"https:\/\/www.contem.es\/es\/wp-json\/wp\/v2\/users\/2"}],"replies":[{"embeddable":true,"href":"https:\/\/www.contem.es\/es\/wp-json\/wp\/v2\/comments?post=2744"}],"version-history":[{"count":7,"href":"https:\/\/www.contem.es\/es\/wp-json\/wp\/v2\/pages\/2744\/revisions"}],"predecessor-version":[{"id":2845,"href":"https:\/\/www.contem.es\/es\/wp-json\/wp\/v2\/pages\/2744\/revisions\/2845"}],"wp:attachment":[{"href":"https:\/\/www.contem.es\/es\/wp-json\/wp\/v2\/media?parent=2744"}],"curies":[{"name":"wp","href":"https:\/\/api.w.org\/{rel}","templated":true}]}}